{"id":89,"date":"2016-03-03T16:19:59","date_gmt":"2016-03-03T15:19:59","guid":{"rendered":"http:\/\/comenius2.cba.pl\/?page_id=89"},"modified":"2016-03-03T16:19:59","modified_gmt":"2016-03-03T15:19:59","slug":"science-and-technology-day","status":"publish","type":"page","link":"https:\/\/splubsza.pl\/c2\/science-and-technology-day\/","title":{"rendered":"Science and Technology Day"},"content":{"rendered":"\n<p> Dnia 27 06 2012 odby\u0142 si\u0119 w SP Lubsza Dzie\u0144 nauki i techniki w ramach realizowanego projektu Comenius przygotowany i przeprowadzony przez Edwarda Morcinek. Celem by\u0142o promowanie i popularyzacja edukacji nauki i techniki. By\u0142a to te\u017c okazja wykorzystania teorii wielu inteligencji w praktyce szkolnej. W programie by\u0142o przeprowadzenie z udzia\u0142em uczni\u00f3w ciekawych eksperyment\u00f3w i do\u015bwiadcze\u0144 oraz projekcja film\u00f3w przedstawiaj\u0105cych r\u00f3\u017cne eksperymenty fizyczne oraz przyrodnicze. Wykorzystano elektroskopy, maszyn\u0119 elektrostatyczn\u0105, modele silnik\u00f3w, pr\u0105dnic i turbin. Uczniowie m\u0142odszych klas wykonywali obliczenia na zabytkowym arytmometrze (maszynki do liczenia na korbk\u0119) odkrywaj\u0105c przy okazji, \u017ce mno\u017cenie lub dzielenie jest wielokrotnym dodawaniem lub odejmowaniem. W\u015br\u00f3d uczni\u00f3w starszych wielkim zainteresowaniem cieszy\u0142 si\u0119 elektroskop i maszyna elektrostatyczna oraz zwi\u0105zane z nimi zagadnienia \u0142adunk\u00f3w elektrycznych. Uczniowie ch\u0119tnie brali udzia\u0142 w tych eksperymentach wykazuj\u0105c zainteresowanie r\u00f3\u017cnymi zagadnieniami nauki.<br><\/p>\n\n\n<p style=\"margin: 12px auto 6px auto; font-family: Helvetica,Arial,Sans-serif; font-style: normal; font-variant: normal; font-weight: normal; font-size: 14px; line-height: normal; font-size-adjust: none; font-stretch: normal; -x-system-font: none; display: block;\"><a style=\"text-decoration: underline;\" title=\"View Science and Technology Day on Scribd\" href=\"https:\/\/www.scribd.com\/doc\/301954404\/Science-and-Technology-Day\">Science and Technology Day<\/a> by <a style=\"text-decoration: underline;\" title=\"View gedmor's profile on Scribd\" href=\"https:\/\/www.scribd.com\/user\/310601152\/gedmor\">gedmor<\/a><\/p>\n<p><iframe loading=\"lazy\" id=\"doc_45017\" class=\"scribd_iframe_embed\" src=\"https:\/\/www.scribd.com\/embeds\/301954404\/content?start_page=1&amp;view_mode=scroll&amp;access_key=key-WHvLbdAPy85qgEvyRpgw&amp;show_recommendations=true\" width=\"100%\" height=\"600\" frameborder=\"0\" scrolling=\"no\" data-auto-height=\"false\" data-aspect-ratio=\"1.3323485967503692\"><\/iframe><\/p>","protected":false},"excerpt":{"rendered":"<p>Dnia 27 06 2012 odby\u0142 si\u0119 w SP Lubsza Dzie\u0144 nauki i techniki w ramach realizowanego projektu Comenius przygotowany i przeprowadzony przez Edwarda Morcinek. Celem by\u0142o promowanie i popularyzacja edukacji nauki i techniki. By\u0142a to te\u017c okazja wykorzystania teorii wielu inteligencji w praktyce szkolnej. W programie by\u0142o przeprowadzenie z udzia\u0142em uczni\u00f3w ciekawych eksperyment\u00f3w i do\u015bwiadcze\u0144 &hellip; <\/p>\n<p class=\"link-more\"><a href=\"https:\/\/splubsza.pl\/c2\/science-and-technology-day\/\" class=\"more-link\">Czytaj dalej<span class=\"screen-reader-text\"> \u201eScience and Technology Day\u201d<\/span><\/a><\/p>\n","protected":false},"author":1,"featured_media":0,"parent":0,"menu_order":0,"comment_status":"closed","ping_status":"closed","template":"","meta":{"footnotes":""},"class_list":["post-89","page","type-page","status-publish","hentry"],"yoast_head":"<!-- This site is optimized with the Yoast SEO plugin v26.8 - https:\/\/yoast.com\/product\/yoast-seo-wordpress\/ -->\n<title>Science and Technology Day - Multiple Intelligences for a Better World<\/title>\n<meta name=\"description\" content=\"Science and Technology Day - Multiple Intelligences for a Better World - Dzie\u0144 nauki i techniki w SP Lubsza\" \/>\n<meta name=\"robots\" content=\"index, follow, max-snippet:-1, max-image-preview:large, max-video-preview:-1\" \/>\n<link rel=\"canonical\" href=\"https:\/\/splubsza.pl\/c2\/science-and-technology-day\/\" \/>\n<meta property=\"og:locale\" content=\"pl_PL\" \/>\n<meta property=\"og:type\" content=\"article\" \/>\n<meta property=\"og:title\" content=\"Science and Technology Day - Multiple Intelligences for a Better World\" \/>\n<meta property=\"og:description\" content=\"Science and Technology Day - Multiple Intelligences for a Better World - Dzie\u0144 nauki i techniki w SP Lubsza\" \/>\n<meta property=\"og:url\" content=\"https:\/\/splubsza.pl\/c2\/science-and-technology-day\/\" \/>\n<meta property=\"og:site_name\" content=\"Multiple Intelligences for a Better World\" \/>\n<meta name=\"twitter:card\" content=\"summary_large_image\" \/>\n<meta name=\"twitter:label1\" content=\"Szacowany czas czytania\" \/>\n\t<meta name=\"twitter:data1\" content=\"1 minuta\" \/>\n<script type=\"application\/ld+json\" class=\"yoast-schema-graph\">{\"@context\":\"https:\/\/schema.org\",\"@graph\":[{\"@type\":\"WebPage\",\"@id\":\"https:\/\/splubsza.pl\/c2\/science-and-technology-day\/\",\"url\":\"https:\/\/splubsza.pl\/c2\/science-and-technology-day\/\",\"name\":\"Science and Technology Day - Multiple Intelligences for a Better World\",\"isPartOf\":{\"@id\":\"https:\/\/splubsza.pl\/c2\/#website\"},\"datePublished\":\"2016-03-03T15:19:59+00:00\",\"description\":\"Science and Technology Day - Multiple Intelligences for a Better World - Dzie\u0144 nauki i techniki w SP Lubsza\",\"breadcrumb\":{\"@id\":\"https:\/\/splubsza.pl\/c2\/science-and-technology-day\/#breadcrumb\"},\"inLanguage\":\"pl-PL\",\"potentialAction\":[{\"@type\":\"ReadAction\",\"target\":[\"https:\/\/splubsza.pl\/c2\/science-and-technology-day\/\"]}]},{\"@type\":\"BreadcrumbList\",\"@id\":\"https:\/\/splubsza.pl\/c2\/science-and-technology-day\/#breadcrumb\",\"itemListElement\":[{\"@type\":\"ListItem\",\"position\":1,\"name\":\"Strona g\u0142\u00f3wna\",\"item\":\"https:\/\/splubsza.pl\/c2\/\"},{\"@type\":\"ListItem\",\"position\":2,\"name\":\"Science and Technology Day\"}]},{\"@type\":\"WebSite\",\"@id\":\"https:\/\/splubsza.pl\/c2\/#website\",\"url\":\"https:\/\/splubsza.pl\/c2\/\",\"name\":\"Multiple Intelligences for a Better World\",\"description\":\"Comenius project 2010 - 2012 | SP Lubsza and our partners\",\"publisher\":{\"@id\":\"https:\/\/splubsza.pl\/c2\/#organization\"},\"potentialAction\":[{\"@type\":\"SearchAction\",\"target\":{\"@type\":\"EntryPoint\",\"urlTemplate\":\"https:\/\/splubsza.pl\/c2\/?s={search_term_string}\"},\"query-input\":{\"@type\":\"PropertyValueSpecification\",\"valueRequired\":true,\"valueName\":\"search_term_string\"}}],\"inLanguage\":\"pl-PL\"},{\"@type\":\"Organization\",\"@id\":\"https:\/\/splubsza.pl\/c2\/#organization\",\"name\":\"Szko\u0142a Podstawowa im. J\u00f3zefa Lompy w Lubszy\",\"url\":\"https:\/\/splubsza.pl\/c2\/\",\"logo\":{\"@type\":\"ImageObject\",\"inLanguage\":\"pl-PL\",\"@id\":\"https:\/\/splubsza.pl\/c2\/#\/schema\/logo\/image\/\",\"url\":\"https:\/\/splubsza.pl\/c2\/wp-content\/uploads\/2019\/12\/logosplubsza211x145.jpg\",\"contentUrl\":\"https:\/\/splubsza.pl\/c2\/wp-content\/uploads\/2019\/12\/logosplubsza211x145.jpg\",\"width\":211,\"height\":145,\"caption\":\"Szko\u0142a Podstawowa im. J\u00f3zefa Lompy w Lubszy\"},\"image\":{\"@id\":\"https:\/\/splubsza.pl\/c2\/#\/schema\/logo\/image\/\"}}]}<\/script>\n<!-- \/ Yoast SEO plugin. -->","yoast_head_json":{"title":"Science and Technology Day - Multiple Intelligences for a Better World","description":"Science and Technology Day - Multiple Intelligences for a Better World - Dzie\u0144 nauki i techniki w SP Lubsza","robots":{"index":"index","follow":"follow","max-snippet":"max-snippet:-1","max-image-preview":"max-image-preview:large","max-video-preview":"max-video-preview:-1"},"canonical":"https:\/\/splubsza.pl\/c2\/science-and-technology-day\/","og_locale":"pl_PL","og_type":"article","og_title":"Science and Technology Day - Multiple Intelligences for a Better World","og_description":"Science and Technology Day - Multiple Intelligences for a Better World - Dzie\u0144 nauki i techniki w SP Lubsza","og_url":"https:\/\/splubsza.pl\/c2\/science-and-technology-day\/","og_site_name":"Multiple Intelligences for a Better World","twitter_card":"summary_large_image","twitter_misc":{"Szacowany czas czytania":"1 minuta"},"schema":{"@context":"https:\/\/schema.org","@graph":[{"@type":"WebPage","@id":"https:\/\/splubsza.pl\/c2\/science-and-technology-day\/","url":"https:\/\/splubsza.pl\/c2\/science-and-technology-day\/","name":"Science and Technology Day - Multiple Intelligences for a Better World","isPartOf":{"@id":"https:\/\/splubsza.pl\/c2\/#website"},"datePublished":"2016-03-03T15:19:59+00:00","description":"Science and Technology Day - Multiple Intelligences for a Better World - Dzie\u0144 nauki i techniki w SP Lubsza","breadcrumb":{"@id":"https:\/\/splubsza.pl\/c2\/science-and-technology-day\/#breadcrumb"},"inLanguage":"pl-PL","potentialAction":[{"@type":"ReadAction","target":["https:\/\/splubsza.pl\/c2\/science-and-technology-day\/"]}]},{"@type":"BreadcrumbList","@id":"https:\/\/splubsza.pl\/c2\/science-and-technology-day\/#breadcrumb","itemListElement":[{"@type":"ListItem","position":1,"name":"Strona g\u0142\u00f3wna","item":"https:\/\/splubsza.pl\/c2\/"},{"@type":"ListItem","position":2,"name":"Science and Technology Day"}]},{"@type":"WebSite","@id":"https:\/\/splubsza.pl\/c2\/#website","url":"https:\/\/splubsza.pl\/c2\/","name":"Multiple Intelligences for a Better World","description":"Comenius project 2010 - 2012 | SP Lubsza and our partners","publisher":{"@id":"https:\/\/splubsza.pl\/c2\/#organization"},"potentialAction":[{"@type":"SearchAction","target":{"@type":"EntryPoint","urlTemplate":"https:\/\/splubsza.pl\/c2\/?s={search_term_string}"},"query-input":{"@type":"PropertyValueSpecification","valueRequired":true,"valueName":"search_term_string"}}],"inLanguage":"pl-PL"},{"@type":"Organization","@id":"https:\/\/splubsza.pl\/c2\/#organization","name":"Szko\u0142a Podstawowa im. J\u00f3zefa Lompy w Lubszy","url":"https:\/\/splubsza.pl\/c2\/","logo":{"@type":"ImageObject","inLanguage":"pl-PL","@id":"https:\/\/splubsza.pl\/c2\/#\/schema\/logo\/image\/","url":"https:\/\/splubsza.pl\/c2\/wp-content\/uploads\/2019\/12\/logosplubsza211x145.jpg","contentUrl":"https:\/\/splubsza.pl\/c2\/wp-content\/uploads\/2019\/12\/logosplubsza211x145.jpg","width":211,"height":145,"caption":"Szko\u0142a Podstawowa im. J\u00f3zefa Lompy w Lubszy"},"image":{"@id":"https:\/\/splubsza.pl\/c2\/#\/schema\/logo\/image\/"}}]}},"_links":{"self":[{"href":"https:\/\/splubsza.pl\/c2\/wp-json\/wp\/v2\/pages\/89","targetHints":{"allow":["GET"]}}],"collection":[{"href":"https:\/\/splubsza.pl\/c2\/wp-json\/wp\/v2\/pages"}],"about":[{"href":"https:\/\/splubsza.pl\/c2\/wp-json\/wp\/v2\/types\/page"}],"author":[{"embeddable":true,"href":"https:\/\/splubsza.pl\/c2\/wp-json\/wp\/v2\/users\/1"}],"replies":[{"embeddable":true,"href":"https:\/\/splubsza.pl\/c2\/wp-json\/wp\/v2\/comments?post=89"}],"version-history":[{"count":0,"href":"https:\/\/splubsza.pl\/c2\/wp-json\/wp\/v2\/pages\/89\/revisions"}],"wp:attachment":[{"href":"https:\/\/splubsza.pl\/c2\/wp-json\/wp\/v2\/media?parent=89"}],"curies":[{"name":"wp","href":"https:\/\/api.w.org\/{rel}","templated":true}]}}