{"id":721,"date":"2020-01-01T21:09:35","date_gmt":"2020-01-01T20:09:35","guid":{"rendered":"http:\/\/comenius2.cba.pl\/?page_id=713"},"modified":"2020-01-01T21:09:35","modified_gmt":"2020-01-01T20:09:35","slug":"tasks","status":"publish","type":"page","link":"https:\/\/splubsza.pl\/c2\/tasks\/","title":{"rendered":"Tasks"},"content":{"rendered":"\n<h2 class=\"has-luminous-vivid-orange-color has-text-color has-text-align-center wp-block-heading\">Merry Christmas from Poland<\/h2>\n\n\n\n<p><strong>Merry Christmas from Poland<\/strong><\/p>\n\n\n\n<figure class=\"wp-block-image\"><img decoding=\"async\" src=\"http:\/\/comenius2.cba.pl\/re\/images\/2010\/Poland\/rk\/aa4.jpg\" alt=\"Merry Christmas from Poland\"\/><\/figure>\n\n\n\n<p>Opublikowany 2010-11-30 16:35:34 Id autora=62 Id wpisu = 20<br><\/p>\n\n\n\n<hr class=\"wp-block-separator\"\/>\n\n\n\n<h2 class=\"has-luminous-vivid-orange-color has-text-color has-text-align-center wp-block-heading\">Wideokonferencja 2010<\/h2>\n\n\n\n<div class=\"wp-block-image\"><figure class=\"aligncenter\"><a href=\"http:\/\/www.comenius2.cba.pl\/re\/fa10\/wwid1\/index.html\" target=\"_blank\" rel=\"noreferrer noopener\"><img decoding=\"async\" src=\"http:\/\/www.comenius2.cba.pl\/old\/fa10\/wwid1\/wwid4.jpg\" alt=\"Wideokonferencja 2010\"\/><\/a><\/figure><\/div>\n\n\n\n<p>Opublikowany 2010-12-15 16:54:37 Id autora=62 Id wpisu = 23<br><\/p>\n\n\n\n<hr class=\"wp-block-separator\"\/>\n\n\n\n<h2 class=\"has-luminous-vivid-orange-color has-text-color has-text-align-center wp-block-heading\">Buon Natale<\/h2>\n\n\n\n<p class=\"has-text-align-center\">Buon Natale e Felice Anno nuovo!<\/p>\n\n\n\n<p>Opublikowany 2010-12-21 08:23:38 Id autora=62 Id wpisu = 26<br><\/p>\n\n\n\n<hr class=\"wp-block-separator\"\/>\n\n\n\n<h2 class=\"has-luminous-vivid-orange-color has-text-color has-text-align-center wp-block-heading\">Eguberri On<\/h2>\n\n\n\n<p class=\"has-text-align-center\">Eguberri On!<\/p>\n\n\n\n<p>Opublikowany 2010-12-21 08:26:15 Id autora=62 Id wpisu = 27<br><\/p>\n\n\n\n<hr class=\"wp-block-separator\"\/>\n\n\n\n<h2 class=\"has-luminous-vivid-orange-color has-text-color has-text-align-center wp-block-heading\">Skating in SP Lubsza<\/h2>\n\n\n\n<div class=\"wp-block-image\"><figure class=\"aligncenter\"><a href=\"http:\/\/www.splubsza.eu\/fa11\/wskate2011\/index.html\" target=\"_blank\" rel=\"noreferrer noopener\"><img decoding=\"async\" src=\"http:\/\/www.splubsza.eu\/fa11\/wskate2011\/wskate2011.jpg\" alt=\"SP Lubsza na lodowisku \"\/><\/a><\/figure><\/div>\n\n\n\n<p>Opublikowany 2011-02-01 17:09:49 Id autora=62 Id wpisu = 31<br><\/p>\n\n\n\n<hr class=\"wp-block-separator\"\/>\n\n\n\n<h3 class=\"has-luminous-vivid-orange-color has-text-color has-text-align-center wp-block-heading\">Best wishes from Poland!<\/h3>\n\n\n\n<div class=\"wp-block-image\"><figure class=\"aligncenter\"><img decoding=\"async\" src=\"http:\/\/comenius2.cba.pl\/re\/images\/2011\/Poland\/em\/walentynka%20sp%20lubsza500.jpg\" alt=\"Best wisches from Poland\"\/><\/figure><\/div>\n\n\n\n<p>Opublikowany 2011-02-09 15:21:14 Id autora=62 Id wpisu = 32<br><\/p>\n\n\n\n<hr class=\"wp-block-separator\"\/>\n\n\n\n<h3 class=\"has-luminous-vivid-orange-color has-text-color has-text-align-center wp-block-heading\">School Savings Bank<\/h3>\n\n\n\n<p>School Savings Bank<br><br>Students of our school regularly save money in the School Savings Bank for several years.<br>The class teacher takes care of the savings. During the school year, teachers organize many competitions and the incentives for savings to be attended by students, such as collection of recyclable materials.<br><br>Pupils learn about banking and financial terminology, perform calculations and charts savings using computers.Students spend their savings on school trips, trips to the swimming pool lessons, theater or cinema. At the end of the year the chronicle is done.<br>We participate in a national contest of saving, since 2003, our school took first place twice and received valuable prizes: computer equipment and television set that we use in the teaching process.<br>We encourage students and teachers in partner schools to take similar action.<br><br><\/p>\n\n\n\n<p>Opublikowany 2011-04-13 15:55:45 Id autora=62 Id wpisu = 50<br><\/p>\n\n\n\n<hr class=\"wp-block-separator\"\/>\n\n\n\n<h2 class=\"has-luminous-vivid-orange-color has-text-color has-text-align-center wp-block-heading\">Poster<\/h2>\n\n\n\n<p>Music poster<\/p>\n\n\n\n<div class=\"wp-block-image\"><figure class=\"aligncenter\"><img decoding=\"async\" src=\"http:\/\/comenius2.cba.pl\/re\/images\/2011\/Poland\/bw\/dsc04990%20poster.jpg\" alt=\"\"\/><\/figure><\/div>\n\n\n\n<p>Afetr visiting a theatre in Gliwice ( Gliwicki Teatr Muzyczny), when we watched &#8222;High School Musical&#8221;, students made a poster. They liked the musical very much so they used the oryginal poster as a base.<\/p>\n\n\n\n<div class=\"wp-block-image\"><figure class=\"aligncenter\"><img decoding=\"async\" src=\"http:\/\/comenius2.cba.pl\/re\/images\/2011\/Poland\/bw\/dsc04992%20poster%20detail.jpg\" alt=\"\"\/><\/figure><\/div>\n\n\n\n<p>They admired dancers and singers.&nbsp;Some of our students also dream&nbsp; to be famous artist !<\/p>\n\n\n\n<div class=\"wp-block-image\"><figure class=\"aligncenter\"><img decoding=\"async\" src=\"http:\/\/comenius2.cba.pl\/re\/images\/2011\/Poland\/bw\/dsc04985poster%20and%20students.jpg\" alt=\"\"\/><\/figure><\/div>\n\n\n\n<p>Opublikowany 2011-06-25 14:48:56 Id autora=64 Id wpisu = 66<br><\/p>\n\n\n\n<hr class=\"wp-block-separator\"\/>\n\n\n\n<h2 class=\"has-luminous-vivid-orange-color has-text-color has-text-align-center wp-block-heading\">Bookmarks<\/h2>\n\n\n\n<p>Uczniowie wykonywali zak\u0142adki do lektur szkolnych oraz swoich ulubionych ksi\u0105\u017cek.<\/p>\n\n\n\n<div class=\"wp-block-image\"><figure class=\"aligncenter\"><img decoding=\"async\" src=\"http:\/\/comenius2.cba.pl\/re\/images\/2011\/Poland\/bw\/dsc06339bookmarks%20berryhill1.jpg\" alt=\"\"\/><\/figure><\/div>\n\n\n\n<div class=\"wp-block-image\"><figure class=\"aligncenter\"><img decoding=\"async\" src=\"http:\/\/comenius2.cba.pl\/re\/images\/2011\/Poland\/bw\/dsc06342bookmarks2.jpg\" alt=\"\"\/><\/figure><\/div>\n\n\n\n<p>Students made bookmarks that are very helpful when&nbsp;they are readnig.<\/p>\n\n\n\n<div class=\"wp-block-image\"><figure class=\"aligncenter\"><img decoding=\"async\" src=\"http:\/\/comenius2.cba.pl\/re\/images\/2011\/Poland\/em\/bokmar1.jpg\" alt=\"Bookmarks\"\/><\/figure><\/div>\n\n\n\n<div class=\"wp-block-image\"><figure class=\"aligncenter\"><img decoding=\"async\" src=\"http:\/\/comenius2.cba.pl\/re\/images\/2011\/Poland\/em\/bokmar2.jpg\" alt=\"Bookmark2\"\/><\/figure><\/div>\n\n\n\n<p>Opublikowany 2011-10-05 13:10:49 Id autora=62 Id wpisu = 67<br><\/p>\n\n\n\n<hr class=\"wp-block-separator\"\/>\n\n\n\n<h2 class=\"has-luminous-vivid-orange-color has-text-color has-text-align-center wp-block-heading\">Can you hear me? Merry Christmas!<\/h2>\n\n\n\n<p>On 14th December we organised&nbsp; videoconferencing. The topic was Christmas of course.<\/p>\n\n\n\n<p>We talked about our traditions, read &#8222;Christmas Tale&#8221; and sang&nbsp;carols in English or our national languages.<\/p>\n\n\n\n<p>Merry Christmas and Happy New Year everyone!<\/p>\n\n\n\n<p>Opublikowany 2012-01-09 21:09:18 Id autora=64 Id wpisu = 79<br><\/p>\n\n\n\n<hr class=\"wp-block-separator\"\/>\n\n\n\n<h2 class=\"has-luminous-vivid-orange-color has-text-color has-text-align-center wp-block-heading\">Pen pals<\/h2>\n\n\n\n<p>During school year 2011\/2012 we continued&nbsp;writing traditional letters and cards.<\/p>\n\n\n\n<p>Sometimes they were handmade, sometimes bought in our countries.<\/p>\n\n\n\n<p>We always enjoyed getting them !&nbsp;<\/p>\n\n\n\n<div class=\"wp-block-image\"><figure class=\"aligncenter\"><img decoding=\"async\" src=\"http:\/\/comenius2.cba.pl\/re\/images\/2011\/Poland\/bw\/dsc06328cards%20senigallia.jpg\" alt=\"\"\/><\/figure><\/div>\n\n\n\n<div class=\"wp-block-image\"><figure class=\"aligncenter\"><img decoding=\"async\" src=\"http:\/\/comenius2.cba.pl\/re\/images\/2011\/Poland\/bw\/dsc06329cards%20senigllia%202.jpg\" alt=\"\"\/><\/figure><\/div>\n\n\n\n<div class=\"wp-block-image\"><figure class=\"aligncenter\"><img decoding=\"async\" src=\"http:\/\/comenius2.cba.pl\/re\/images\/2011\/Poland\/bw\/dsc06332cards%20spain1.jpg\" alt=\"\"\/><\/figure><\/div>\n\n\n\n<div class=\"wp-block-image\"><figure class=\"aligncenter\"><img decoding=\"async\" src=\"http:\/\/comenius2.cba.pl\/re\/images\/2011\/Poland\/bw\/dsc06343cards%20berry%20hill%201.jpg\" alt=\"\"\/><\/figure><\/div>\n\n\n\n<div class=\"wp-block-image\"><figure class=\"aligncenter\"><img decoding=\"async\" src=\"http:\/\/comenius2.cba.pl\/re\/images\/2011\/Poland\/bw\/dsc06345cards%20berry%20hill2.jpg\" alt=\"\"\/><\/figure><\/div>\n\n\n\n<div class=\"wp-block-image\"><figure class=\"aligncenter\"><img decoding=\"async\" src=\"http:\/\/comenius2.cba.pl\/re\/images\/2011\/Poland\/bw\/dsc06537%20cards%20from%20italy.jpg\" alt=\"\"\/><\/figure><\/div>\n\n\n\n<div class=\"wp-block-image\"><figure class=\"aligncenter\"><img decoding=\"async\" src=\"http:\/\/comenius2.cba.pl\/re\/images\/2011\/Poland\/bw\/dsc06538%20class%20six%20with%20cards.jpg\" alt=\"\"\/><\/figure><\/div>\n\n\n\n<p>Opublikowany 2012-01-09 21:24:28 Id autora=64 Id wpisu = 80<br><\/p>\n\n\n\n<hr class=\"wp-block-separator\"\/>\n\n\n\n<h2 class=\"has-luminous-vivid-orange-color has-text-color has-text-align-center wp-block-heading\">Online learning resources<\/h2>\n\n\n\n<h1 class=\"wp-block-heading\">Online learning resources<\/h1>\n\n\n\n<p>Great&nbsp;educational resources&nbsp;for teachers and students&nbsp;at:<\/p>\n\n\n\n<p><a href=\"http:\/\/www.nhm.ac.uk\/education\/online-resources\/index.html\" target=\"_blank\" rel=\"noreferrer noopener\">\u015awietne zasoby edukacyjne dla uczni\u00f3w i nauczycieli na stronie:<\/a><\/p>\n\n\n\n<p><a href=\"http:\/\/www.nhm.ac.uk\/education\/online-resources\/index.html\" target=\"_blank\" rel=\"noreferrer noopener\"><em>Natural History<\/em><\/a><a href=\"http:\/\/www.nhm.ac.uk\/education\/online-resources\/index.html\" target=\"_blank\" rel=\"noreferrer noopener\">&nbsp;<em>Museum.<\/em><\/a><\/p>\n\n\n\n<p>Opublikowany 2012-01-24 08:15:26 Id autora=62 Id wpisu = 81<br><\/p>\n\n\n\n<hr class=\"wp-block-separator\"\/>\n\n\n\n<h2 class=\"has-luminous-vivid-orange-color has-text-color has-text-align-center wp-block-heading\">Happy Easter!<\/h2>\n\n\n\n<p>Wishing you a season bright with beauty and warmth, and an Easter filled with happiness and joy. Happy Easter!<\/p>\n\n\n\n<p>La bianca colomba pasquale porti tanta pace in tutti i cuori. Buona Pasqua.<\/p>\n\n\n\n<p>Felices Pascuas<\/p>\n\n\n\n<p>Opublikowany 2012-04-05 08:02:06 Id autora=62 Id wpisu = 89<br><\/p>\n\n\n\n<hr class=\"wp-block-separator\"\/>\n\n\n\n<h2 class=\"has-luminous-vivid-orange-color has-text-color has-text-align-center wp-block-heading\">School Savings Bank<\/h2>\n\n\n\n<p>Students of our school regularly save money in the School Savings Bank for several years.<\/p>\n\n\n\n<p>The class teacher takes care of the savings. During the school year, teachers organize many competitions and the incentives for savings to be attended by students, such as collection of recyclable materials.<\/p>\n\n\n\n<p>Pupils learn about banking and financial terminology, perform calculations and charts savings using computers.Students spend their savings on school trips, trips to the swimming pool lessons, theater or cinema. At the end of the year the chronicle is done.<\/p>\n\n\n\n<p>We participate in a national contest of saving, since 2003, our school took first place twice and received valuable prizes: computer equipment and television set that we use in the teaching process.<\/p>\n\n\n\n<p>We encourage students and teachers in partner schools to take similar action.<\/p>\n\n\n\n<p>Opublikowany 2012-04-25 05:09:05 Id autora=62 Id wpisu = 95<br><\/p>\n","protected":false},"excerpt":{"rendered":"<p>Merry Christmas from Poland Merry Christmas from Poland Opublikowany 2010-11-30 16:35:34 Id autora=62 Id wpisu = 20 Wideokonferencja 2010 Opublikowany 2010-12-15 16:54:37 Id autora=62 Id wpisu = 23 Buon Natale Buon Natale e Felice Anno nuovo! Opublikowany 2010-12-21 08:23:38 Id autora=62 Id wpisu = 26 Eguberri On Eguberri On! Opublikowany 2010-12-21 08:26:15 Id autora=62 Id &hellip; <\/p>\n<p class=\"link-more\"><a href=\"https:\/\/splubsza.pl\/c2\/tasks\/\" class=\"more-link\">Czytaj dalej<span class=\"screen-reader-text\"> \u201eTasks\u201d<\/span><\/a><\/p>\n","protected":false},"author":1,"featured_media":0,"parent":0,"menu_order":0,"comment_status":"closed","ping_status":"closed","template":"","meta":{"footnotes":""},"class_list":["post-721","page","type-page","status-publish","hentry"],"yoast_head":"<!-- This site is optimized with the Yoast SEO plugin v26.8 - https:\/\/yoast.com\/product\/yoast-seo-wordpress\/ -->\n<title>Tasks - Multiple Intelligences for a Better World<\/title>\n<meta name=\"description\" content=\"Multiple Intelligences for a Better World - Poster - Pen pals - Wideokonferencja - Merry Christmas from Poland - Online learning resources\" \/>\n<meta name=\"robots\" content=\"index, follow, max-snippet:-1, max-image-preview:large, max-video-preview:-1\" \/>\n<link rel=\"canonical\" href=\"https:\/\/splubsza.pl\/c2\/tasks\/\" \/>\n<meta property=\"og:locale\" content=\"pl_PL\" \/>\n<meta property=\"og:type\" content=\"article\" \/>\n<meta property=\"og:title\" content=\"Tasks - Multiple Intelligences for a Better World\" \/>\n<meta property=\"og:description\" content=\"Multiple Intelligences for a Better World - Poster - Pen pals - Wideokonferencja - Merry Christmas from Poland - Online learning resources\" \/>\n<meta property=\"og:url\" content=\"https:\/\/splubsza.pl\/c2\/tasks\/\" \/>\n<meta property=\"og:site_name\" content=\"Multiple Intelligences for a Better World\" \/>\n<meta property=\"og:image\" content=\"http:\/\/comenius2.cba.pl\/re\/images\/2010\/Poland\/rk\/aa4.jpg\" \/>\n<meta name=\"twitter:card\" content=\"summary_large_image\" \/>\n<meta name=\"twitter:label1\" content=\"Szacowany czas czytania\" \/>\n\t<meta name=\"twitter:data1\" content=\"3 minuty\" \/>\n<script type=\"application\/ld+json\" class=\"yoast-schema-graph\">{\"@context\":\"https:\/\/schema.org\",\"@graph\":[{\"@type\":\"WebPage\",\"@id\":\"https:\/\/splubsza.pl\/c2\/tasks\/\",\"url\":\"https:\/\/splubsza.pl\/c2\/tasks\/\",\"name\":\"Tasks - Multiple Intelligences for a Better World\",\"isPartOf\":{\"@id\":\"https:\/\/splubsza.pl\/c2\/#website\"},\"primaryImageOfPage\":{\"@id\":\"https:\/\/splubsza.pl\/c2\/tasks\/#primaryimage\"},\"image\":{\"@id\":\"https:\/\/splubsza.pl\/c2\/tasks\/#primaryimage\"},\"thumbnailUrl\":\"http:\/\/comenius2.cba.pl\/re\/images\/2010\/Poland\/rk\/aa4.jpg\",\"datePublished\":\"2020-01-01T20:09:35+00:00\",\"description\":\"Multiple Intelligences for a Better World - Poster - Pen pals - Wideokonferencja - Merry Christmas from Poland - Online learning resources\",\"breadcrumb\":{\"@id\":\"https:\/\/splubsza.pl\/c2\/tasks\/#breadcrumb\"},\"inLanguage\":\"pl-PL\",\"potentialAction\":[{\"@type\":\"ReadAction\",\"target\":[\"https:\/\/splubsza.pl\/c2\/tasks\/\"]}]},{\"@type\":\"ImageObject\",\"inLanguage\":\"pl-PL\",\"@id\":\"https:\/\/splubsza.pl\/c2\/tasks\/#primaryimage\",\"url\":\"http:\/\/comenius2.cba.pl\/re\/images\/2010\/Poland\/rk\/aa4.jpg\",\"contentUrl\":\"http:\/\/comenius2.cba.pl\/re\/images\/2010\/Poland\/rk\/aa4.jpg\"},{\"@type\":\"BreadcrumbList\",\"@id\":\"https:\/\/splubsza.pl\/c2\/tasks\/#breadcrumb\",\"itemListElement\":[{\"@type\":\"ListItem\",\"position\":1,\"name\":\"Strona g\u0142\u00f3wna\",\"item\":\"https:\/\/splubsza.pl\/c2\/\"},{\"@type\":\"ListItem\",\"position\":2,\"name\":\"Tasks\"}]},{\"@type\":\"WebSite\",\"@id\":\"https:\/\/splubsza.pl\/c2\/#website\",\"url\":\"https:\/\/splubsza.pl\/c2\/\",\"name\":\"Multiple Intelligences for a Better World\",\"description\":\"Comenius project 2010 - 2012 | SP Lubsza and our partners\",\"publisher\":{\"@id\":\"https:\/\/splubsza.pl\/c2\/#organization\"},\"potentialAction\":[{\"@type\":\"SearchAction\",\"target\":{\"@type\":\"EntryPoint\",\"urlTemplate\":\"https:\/\/splubsza.pl\/c2\/?s={search_term_string}\"},\"query-input\":{\"@type\":\"PropertyValueSpecification\",\"valueRequired\":true,\"valueName\":\"search_term_string\"}}],\"inLanguage\":\"pl-PL\"},{\"@type\":\"Organization\",\"@id\":\"https:\/\/splubsza.pl\/c2\/#organization\",\"name\":\"Szko\u0142a Podstawowa im. J\u00f3zefa Lompy w Lubszy\",\"url\":\"https:\/\/splubsza.pl\/c2\/\",\"logo\":{\"@type\":\"ImageObject\",\"inLanguage\":\"pl-PL\",\"@id\":\"https:\/\/splubsza.pl\/c2\/#\/schema\/logo\/image\/\",\"url\":\"https:\/\/splubsza.pl\/c2\/wp-content\/uploads\/2019\/12\/logosplubsza211x145.jpg\",\"contentUrl\":\"https:\/\/splubsza.pl\/c2\/wp-content\/uploads\/2019\/12\/logosplubsza211x145.jpg\",\"width\":211,\"height\":145,\"caption\":\"Szko\u0142a Podstawowa im. J\u00f3zefa Lompy w Lubszy\"},\"image\":{\"@id\":\"https:\/\/splubsza.pl\/c2\/#\/schema\/logo\/image\/\"}}]}<\/script>\n<!-- \/ Yoast SEO plugin. -->","yoast_head_json":{"title":"Tasks - Multiple Intelligences for a Better World","description":"Multiple Intelligences for a Better World - Poster - Pen pals - Wideokonferencja - Merry Christmas from Poland - Online learning resources","robots":{"index":"index","follow":"follow","max-snippet":"max-snippet:-1","max-image-preview":"max-image-preview:large","max-video-preview":"max-video-preview:-1"},"canonical":"https:\/\/splubsza.pl\/c2\/tasks\/","og_locale":"pl_PL","og_type":"article","og_title":"Tasks - Multiple Intelligences for a Better World","og_description":"Multiple Intelligences for a Better World - Poster - Pen pals - Wideokonferencja - Merry Christmas from Poland - Online learning resources","og_url":"https:\/\/splubsza.pl\/c2\/tasks\/","og_site_name":"Multiple Intelligences for a Better World","og_image":[{"url":"http:\/\/comenius2.cba.pl\/re\/images\/2010\/Poland\/rk\/aa4.jpg","type":"","width":"","height":""}],"twitter_card":"summary_large_image","twitter_misc":{"Szacowany czas czytania":"3 minuty"},"schema":{"@context":"https:\/\/schema.org","@graph":[{"@type":"WebPage","@id":"https:\/\/splubsza.pl\/c2\/tasks\/","url":"https:\/\/splubsza.pl\/c2\/tasks\/","name":"Tasks - Multiple Intelligences for a Better World","isPartOf":{"@id":"https:\/\/splubsza.pl\/c2\/#website"},"primaryImageOfPage":{"@id":"https:\/\/splubsza.pl\/c2\/tasks\/#primaryimage"},"image":{"@id":"https:\/\/splubsza.pl\/c2\/tasks\/#primaryimage"},"thumbnailUrl":"http:\/\/comenius2.cba.pl\/re\/images\/2010\/Poland\/rk\/aa4.jpg","datePublished":"2020-01-01T20:09:35+00:00","description":"Multiple Intelligences for a Better World - Poster - Pen pals - Wideokonferencja - Merry Christmas from Poland - Online learning resources","breadcrumb":{"@id":"https:\/\/splubsza.pl\/c2\/tasks\/#breadcrumb"},"inLanguage":"pl-PL","potentialAction":[{"@type":"ReadAction","target":["https:\/\/splubsza.pl\/c2\/tasks\/"]}]},{"@type":"ImageObject","inLanguage":"pl-PL","@id":"https:\/\/splubsza.pl\/c2\/tasks\/#primaryimage","url":"http:\/\/comenius2.cba.pl\/re\/images\/2010\/Poland\/rk\/aa4.jpg","contentUrl":"http:\/\/comenius2.cba.pl\/re\/images\/2010\/Poland\/rk\/aa4.jpg"},{"@type":"BreadcrumbList","@id":"https:\/\/splubsza.pl\/c2\/tasks\/#breadcrumb","itemListElement":[{"@type":"ListItem","position":1,"name":"Strona g\u0142\u00f3wna","item":"https:\/\/splubsza.pl\/c2\/"},{"@type":"ListItem","position":2,"name":"Tasks"}]},{"@type":"WebSite","@id":"https:\/\/splubsza.pl\/c2\/#website","url":"https:\/\/splubsza.pl\/c2\/","name":"Multiple Intelligences for a Better World","description":"Comenius project 2010 - 2012 | SP Lubsza and our partners","publisher":{"@id":"https:\/\/splubsza.pl\/c2\/#organization"},"potentialAction":[{"@type":"SearchAction","target":{"@type":"EntryPoint","urlTemplate":"https:\/\/splubsza.pl\/c2\/?s={search_term_string}"},"query-input":{"@type":"PropertyValueSpecification","valueRequired":true,"valueName":"search_term_string"}}],"inLanguage":"pl-PL"},{"@type":"Organization","@id":"https:\/\/splubsza.pl\/c2\/#organization","name":"Szko\u0142a Podstawowa im. J\u00f3zefa Lompy w Lubszy","url":"https:\/\/splubsza.pl\/c2\/","logo":{"@type":"ImageObject","inLanguage":"pl-PL","@id":"https:\/\/splubsza.pl\/c2\/#\/schema\/logo\/image\/","url":"https:\/\/splubsza.pl\/c2\/wp-content\/uploads\/2019\/12\/logosplubsza211x145.jpg","contentUrl":"https:\/\/splubsza.pl\/c2\/wp-content\/uploads\/2019\/12\/logosplubsza211x145.jpg","width":211,"height":145,"caption":"Szko\u0142a Podstawowa im. J\u00f3zefa Lompy w Lubszy"},"image":{"@id":"https:\/\/splubsza.pl\/c2\/#\/schema\/logo\/image\/"}}]}},"_links":{"self":[{"href":"https:\/\/splubsza.pl\/c2\/wp-json\/wp\/v2\/pages\/721","targetHints":{"allow":["GET"]}}],"collection":[{"href":"https:\/\/splubsza.pl\/c2\/wp-json\/wp\/v2\/pages"}],"about":[{"href":"https:\/\/splubsza.pl\/c2\/wp-json\/wp\/v2\/types\/page"}],"author":[{"embeddable":true,"href":"https:\/\/splubsza.pl\/c2\/wp-json\/wp\/v2\/users\/1"}],"replies":[{"embeddable":true,"href":"https:\/\/splubsza.pl\/c2\/wp-json\/wp\/v2\/comments?post=721"}],"version-history":[{"count":0,"href":"https:\/\/splubsza.pl\/c2\/wp-json\/wp\/v2\/pages\/721\/revisions"}],"wp:attachment":[{"href":"https:\/\/splubsza.pl\/c2\/wp-json\/wp\/v2\/media?parent=721"}],"curies":[{"name":"wp","href":"https:\/\/api.w.org\/{rel}","templated":true}]}}