{"id":522,"date":"2019-11-28T10:39:10","date_gmt":"2019-11-28T09:39:10","guid":{"rendered":"http:\/\/comenius2.cba.pl\/?page_id=522"},"modified":"2019-11-28T10:39:10","modified_gmt":"2019-11-28T09:39:10","slug":"koncepcja-inteligencji-wielorakich","status":"publish","type":"page","link":"https:\/\/splubsza.pl\/c2\/koncepcja-inteligencji-wielorakich\/","title":{"rendered":"Koncepcja inteligencji wielorakich"},"content":{"rendered":"\n<p>  G\u0142\u00f3wnym celem projektu jest wymiana do\u015bwiadcze\u0144, pomys\u0142\u00f3w i metod nauczania stosowanych w szko\u0142ach partnerskich w pracy z uczniami maj\u0105cymi trudno\u015bci w nauce ( w pierwszym roku projektu) i z uczniami zdolnymi (w drugim roku projektu). Nauczyciele maj\u0105 zamiar korzysta\u0107 z r\u00f3\u017cnych metod i zada\u0144, kt\u00f3re przynios\u0105 widoczne rezultaty w zakresie poprawy i wzbogacenia warsztatu\u00a0 pracy z tymi grupami uczni\u00f3w, kt\u00f3rzy wymagaj\u0105 naszej szczeg\u00f3lnej pomocy i uwagi.  <\/p>\n\n\n<div class=\"ead-preview\"><div class=\"ead-document\" style=\"position: relative;padding-top: 90%\"><div class=\"ead-iframe-wrapper\"><iframe src=\"\/\/docs.google.com\/viewer?url=https%3A%2F%2Fsplubsza.pl%2Fc2%2Fwp-content%2Fuploads%2F2019%2F11%2FCover-front-min.pdf&amp;embedded=true&amp;hl=en\" title=\"Embedded Document\" class=\"ead-iframe\" style=\"width: 100%;height: 100%;border: none;position: absolute;left: 0;top: 0;visibility: hidden;\"><\/iframe><\/div>\t\t\t<div class=\"ead-document-loading\" style=\"width:100%;height:100%;position:absolute;left:0;top:0;z-index:10\">\n\t\t\t\t<div class=\"ead-loading-wrap\">\n\t\t\t\t\t<div class=\"ead-loading-main\">\n\t\t\t\t\t\t<div class=\"ead-loading\">\n\t\t\t\t\t\t\t<img loading=\"lazy\" decoding=\"async\" src=\"https:\/\/splubsza.pl\/c2\/wp-content\/plugins\/embed-any-document\/images\/loading.svg\" width=\"55\" height=\"55\" alt=\"Loader\">\n\t\t\t\t\t\t\t<span>Loading&#8230;<\/span>\n\t\t\t\t\t\t<\/div>\n\t\t\t\t\t<\/div>\n\t\t\t\t\t<div class=\"ead-loading-foot\">\n\t\t\t\t\t\t<div class=\"ead-loading-foot-title\">\n\t\t\t\t\t\t\t<img loading=\"lazy\" decoding=\"async\" src=\"https:\/\/splubsza.pl\/c2\/wp-content\/plugins\/embed-any-document\/images\/EAD-logo.svg\" alt=\"EAD Logo\" width=\"36\" height=\"23\"\/>\n\t\t\t\t\t\t\t<span>Taking too long?<\/span>\n\t\t\t\t\t\t<\/div>\n\t\t\t\t\t\t<p>\n\t\t\t\t\t\t\t<div class=\"ead-document-btn ead-reload-btn\" role=\"button\">\n\t\t\t\t\t\t\t\t<img loading=\"lazy\" decoding=\"async\" src=\"https:\/\/splubsza.pl\/c2\/wp-content\/plugins\/embed-any-document\/images\/reload.svg\" alt=\"Reload\" width=\"12\" height=\"12\"\/> Reload document\t\t\t\t\t\t\t<\/div>\n\t\t\t\t\t\t\t<span>|<\/span>\n\t\t\t\t\t\t\t<a href=\"https:\/\/splubsza.pl\/c2\/wp-content\/uploads\/2019\/11\/Cover-front-min.pdf\" class=\"ead-document-btn\" target=\"_blank\">\n\t\t\t\t\t\t\t\t<img loading=\"lazy\" decoding=\"async\" src=\"https:\/\/splubsza.pl\/c2\/wp-content\/plugins\/embed-any-document\/images\/open.svg\" alt=\"Open\" width=\"12\" height=\"12\"\/> Open in new tab\t\t\t\t\t\t\t<\/a>\n\t\t\t\t\t<\/div>\n\t\t\t\t<\/div>\n\t\t\t<\/div>\n\t\t<\/div><p class=\"embed_download\"><a href=\"https:\/\/splubsza.pl\/c2\/wp-content\/uploads\/2019\/11\/Cover-front-min.pdf\" download>Download [138.86 KB] <\/a><\/p><\/div>\n\n\n<p class=\"has-background has-text-align-center has-pale-pink-background-color\">Ok\u0142adka &#8222;<a href=\"http:\/\/comenius2.cba.pl\/contents-spis-tresci\/\">Comenius book<\/a>&#8222;, czyli powsta\u0142ej podczas projektu ksi\u0105\u017cki, w kt\u00f3rej prezentujemy praktyczne \u0107wiczenia i zadania wykorzystuj\u0105ce teori\u0119 inteligencji wielorakich.<\/p>\n\n\n\n<p> G\u0142\u00f3wnym narz\u0119dziem, kt\u00f3re pomaga zorganizowa\u0107 nasz projekt jest koncepcja inteligencji wielorakich,\u00a0 kt\u00f3r\u0105 chcemy dostosowa\u0107 do potrzeb naszych szk\u00f3\u0142. Chcieliby\u015bmy przyczyni\u0107 si\u0119 do wyr\u00f3wnania szans edukacyjnych uczni\u00f3w maj\u0105cych\u00a0 trudno\u015bci w opanowaniu podstawowych umiej\u0119tno\u015bci szkolnych (czytania, pisania, liczenia) poprzez organizowanie ciekawych i r\u00f3\u017cnorodnych dzia\u0142a\u0144. Nasz projekt b\u0119dzie wspiera\u0107 nauk\u0119 strategii uczenia si\u0119 i umiej\u0119tno\u015bci organizacyjnych dla uczni\u00f3w i rodzic\u00f3w.  <\/p>\n","protected":false},"excerpt":{"rendered":"<p>G\u0142\u00f3wnym celem projektu jest wymiana do\u015bwiadcze\u0144, pomys\u0142\u00f3w i metod nauczania stosowanych w szko\u0142ach partnerskich w pracy z uczniami maj\u0105cymi trudno\u015bci w nauce ( w pierwszym roku projektu) i z uczniami zdolnymi (w drugim roku projektu). Nauczyciele maj\u0105 zamiar korzysta\u0107 z r\u00f3\u017cnych metod i zada\u0144, kt\u00f3re przynios\u0105 widoczne rezultaty w zakresie poprawy i wzbogacenia warsztatu\u00a0 pracy &hellip; <\/p>\n<p class=\"link-more\"><a href=\"https:\/\/splubsza.pl\/c2\/koncepcja-inteligencji-wielorakich\/\" class=\"more-link\">Czytaj dalej<span class=\"screen-reader-text\"> \u201eKoncepcja inteligencji wielorakich\u201d<\/span><\/a><\/p>\n","protected":false},"author":1,"featured_media":0,"parent":0,"menu_order":0,"comment_status":"closed","ping_status":"closed","template":"","meta":{"footnotes":""},"class_list":["post-522","page","type-page","status-publish","hentry"],"yoast_head":"<!-- This site is optimized with the Yoast SEO plugin v26.8 - https:\/\/yoast.com\/product\/yoast-seo-wordpress\/ -->\n<title>Koncepcja inteligencji wielorakich - Multiple Intelligences for a Better World<\/title>\n<meta name=\"description\" content=\"Koncepcja inteligencji wielorakich - Multiple Intelligences for a Better World\" \/>\n<meta name=\"robots\" content=\"index, follow, max-snippet:-1, max-image-preview:large, max-video-preview:-1\" \/>\n<link rel=\"canonical\" href=\"https:\/\/splubsza.pl\/c2\/koncepcja-inteligencji-wielorakich\/\" \/>\n<meta property=\"og:locale\" content=\"pl_PL\" \/>\n<meta property=\"og:type\" content=\"article\" \/>\n<meta property=\"og:title\" content=\"Koncepcja inteligencji wielorakich - Multiple Intelligences for a Better World\" \/>\n<meta property=\"og:description\" content=\"Koncepcja inteligencji wielorakich - Multiple Intelligences for a Better World\" \/>\n<meta property=\"og:url\" content=\"https:\/\/splubsza.pl\/c2\/koncepcja-inteligencji-wielorakich\/\" \/>\n<meta property=\"og:site_name\" content=\"Multiple Intelligences for a Better World\" \/>\n<meta name=\"twitter:card\" content=\"summary_large_image\" \/>\n<meta name=\"twitter:label1\" content=\"Szacowany czas czytania\" \/>\n\t<meta name=\"twitter:data1\" content=\"1 minuta\" \/>\n<script type=\"application\/ld+json\" class=\"yoast-schema-graph\">{\"@context\":\"https:\/\/schema.org\",\"@graph\":[{\"@type\":\"WebPage\",\"@id\":\"https:\/\/splubsza.pl\/c2\/koncepcja-inteligencji-wielorakich\/\",\"url\":\"https:\/\/splubsza.pl\/c2\/koncepcja-inteligencji-wielorakich\/\",\"name\":\"Koncepcja inteligencji wielorakich - Multiple Intelligences for a Better World\",\"isPartOf\":{\"@id\":\"https:\/\/splubsza.pl\/c2\/#website\"},\"datePublished\":\"2019-11-28T09:39:10+00:00\",\"description\":\"Koncepcja inteligencji wielorakich - Multiple Intelligences for a Better World\",\"breadcrumb\":{\"@id\":\"https:\/\/splubsza.pl\/c2\/koncepcja-inteligencji-wielorakich\/#breadcrumb\"},\"inLanguage\":\"pl-PL\",\"potentialAction\":[{\"@type\":\"ReadAction\",\"target\":[\"https:\/\/splubsza.pl\/c2\/koncepcja-inteligencji-wielorakich\/\"]}]},{\"@type\":\"BreadcrumbList\",\"@id\":\"https:\/\/splubsza.pl\/c2\/koncepcja-inteligencji-wielorakich\/#breadcrumb\",\"itemListElement\":[{\"@type\":\"ListItem\",\"position\":1,\"name\":\"Strona g\u0142\u00f3wna\",\"item\":\"https:\/\/splubsza.pl\/c2\/\"},{\"@type\":\"ListItem\",\"position\":2,\"name\":\"Koncepcja inteligencji wielorakich\"}]},{\"@type\":\"WebSite\",\"@id\":\"https:\/\/splubsza.pl\/c2\/#website\",\"url\":\"https:\/\/splubsza.pl\/c2\/\",\"name\":\"Multiple Intelligences for a Better World\",\"description\":\"Comenius project 2010 - 2012 | SP Lubsza and our partners\",\"publisher\":{\"@id\":\"https:\/\/splubsza.pl\/c2\/#organization\"},\"potentialAction\":[{\"@type\":\"SearchAction\",\"target\":{\"@type\":\"EntryPoint\",\"urlTemplate\":\"https:\/\/splubsza.pl\/c2\/?s={search_term_string}\"},\"query-input\":{\"@type\":\"PropertyValueSpecification\",\"valueRequired\":true,\"valueName\":\"search_term_string\"}}],\"inLanguage\":\"pl-PL\"},{\"@type\":\"Organization\",\"@id\":\"https:\/\/splubsza.pl\/c2\/#organization\",\"name\":\"Szko\u0142a Podstawowa im. J\u00f3zefa Lompy w Lubszy\",\"url\":\"https:\/\/splubsza.pl\/c2\/\",\"logo\":{\"@type\":\"ImageObject\",\"inLanguage\":\"pl-PL\",\"@id\":\"https:\/\/splubsza.pl\/c2\/#\/schema\/logo\/image\/\",\"url\":\"https:\/\/splubsza.pl\/c2\/wp-content\/uploads\/2019\/12\/logosplubsza211x145.jpg\",\"contentUrl\":\"https:\/\/splubsza.pl\/c2\/wp-content\/uploads\/2019\/12\/logosplubsza211x145.jpg\",\"width\":211,\"height\":145,\"caption\":\"Szko\u0142a Podstawowa im. J\u00f3zefa Lompy w Lubszy\"},\"image\":{\"@id\":\"https:\/\/splubsza.pl\/c2\/#\/schema\/logo\/image\/\"}}]}<\/script>\n<!-- \/ Yoast SEO plugin. -->","yoast_head_json":{"title":"Koncepcja inteligencji wielorakich - Multiple Intelligences for a Better World","description":"Koncepcja inteligencji wielorakich - Multiple Intelligences for a Better World","robots":{"index":"index","follow":"follow","max-snippet":"max-snippet:-1","max-image-preview":"max-image-preview:large","max-video-preview":"max-video-preview:-1"},"canonical":"https:\/\/splubsza.pl\/c2\/koncepcja-inteligencji-wielorakich\/","og_locale":"pl_PL","og_type":"article","og_title":"Koncepcja inteligencji wielorakich - Multiple Intelligences for a Better World","og_description":"Koncepcja inteligencji wielorakich - Multiple Intelligences for a Better World","og_url":"https:\/\/splubsza.pl\/c2\/koncepcja-inteligencji-wielorakich\/","og_site_name":"Multiple Intelligences for a Better World","twitter_card":"summary_large_image","twitter_misc":{"Szacowany czas czytania":"1 minuta"},"schema":{"@context":"https:\/\/schema.org","@graph":[{"@type":"WebPage","@id":"https:\/\/splubsza.pl\/c2\/koncepcja-inteligencji-wielorakich\/","url":"https:\/\/splubsza.pl\/c2\/koncepcja-inteligencji-wielorakich\/","name":"Koncepcja inteligencji wielorakich - Multiple Intelligences for a Better World","isPartOf":{"@id":"https:\/\/splubsza.pl\/c2\/#website"},"datePublished":"2019-11-28T09:39:10+00:00","description":"Koncepcja inteligencji wielorakich - Multiple Intelligences for a Better World","breadcrumb":{"@id":"https:\/\/splubsza.pl\/c2\/koncepcja-inteligencji-wielorakich\/#breadcrumb"},"inLanguage":"pl-PL","potentialAction":[{"@type":"ReadAction","target":["https:\/\/splubsza.pl\/c2\/koncepcja-inteligencji-wielorakich\/"]}]},{"@type":"BreadcrumbList","@id":"https:\/\/splubsza.pl\/c2\/koncepcja-inteligencji-wielorakich\/#breadcrumb","itemListElement":[{"@type":"ListItem","position":1,"name":"Strona g\u0142\u00f3wna","item":"https:\/\/splubsza.pl\/c2\/"},{"@type":"ListItem","position":2,"name":"Koncepcja inteligencji wielorakich"}]},{"@type":"WebSite","@id":"https:\/\/splubsza.pl\/c2\/#website","url":"https:\/\/splubsza.pl\/c2\/","name":"Multiple Intelligences for a Better World","description":"Comenius project 2010 - 2012 | SP Lubsza and our partners","publisher":{"@id":"https:\/\/splubsza.pl\/c2\/#organization"},"potentialAction":[{"@type":"SearchAction","target":{"@type":"EntryPoint","urlTemplate":"https:\/\/splubsza.pl\/c2\/?s={search_term_string}"},"query-input":{"@type":"PropertyValueSpecification","valueRequired":true,"valueName":"search_term_string"}}],"inLanguage":"pl-PL"},{"@type":"Organization","@id":"https:\/\/splubsza.pl\/c2\/#organization","name":"Szko\u0142a Podstawowa im. J\u00f3zefa Lompy w Lubszy","url":"https:\/\/splubsza.pl\/c2\/","logo":{"@type":"ImageObject","inLanguage":"pl-PL","@id":"https:\/\/splubsza.pl\/c2\/#\/schema\/logo\/image\/","url":"https:\/\/splubsza.pl\/c2\/wp-content\/uploads\/2019\/12\/logosplubsza211x145.jpg","contentUrl":"https:\/\/splubsza.pl\/c2\/wp-content\/uploads\/2019\/12\/logosplubsza211x145.jpg","width":211,"height":145,"caption":"Szko\u0142a Podstawowa im. J\u00f3zefa Lompy w Lubszy"},"image":{"@id":"https:\/\/splubsza.pl\/c2\/#\/schema\/logo\/image\/"}}]}},"_links":{"self":[{"href":"https:\/\/splubsza.pl\/c2\/wp-json\/wp\/v2\/pages\/522","targetHints":{"allow":["GET"]}}],"collection":[{"href":"https:\/\/splubsza.pl\/c2\/wp-json\/wp\/v2\/pages"}],"about":[{"href":"https:\/\/splubsza.pl\/c2\/wp-json\/wp\/v2\/types\/page"}],"author":[{"embeddable":true,"href":"https:\/\/splubsza.pl\/c2\/wp-json\/wp\/v2\/users\/1"}],"replies":[{"embeddable":true,"href":"https:\/\/splubsza.pl\/c2\/wp-json\/wp\/v2\/comments?post=522"}],"version-history":[{"count":0,"href":"https:\/\/splubsza.pl\/c2\/wp-json\/wp\/v2\/pages\/522\/revisions"}],"wp:attachment":[{"href":"https:\/\/splubsza.pl\/c2\/wp-json\/wp\/v2\/media?parent=522"}],"curies":[{"name":"wp","href":"https:\/\/api.w.org\/{rel}","templated":true}]}}