{"id":374,"date":"2016-03-03T21:41:25","date_gmt":"2016-03-03T20:41:25","guid":{"rendered":"http:\/\/comenius2.cba.pl\/?page_id=374"},"modified":"2016-03-03T21:41:25","modified_gmt":"2016-03-03T20:41:25","slug":"visit-in-basque-country-march-2011","status":"publish","type":"page","link":"https:\/\/splubsza.pl\/c2\/visit-in-basque-country-march-2011\/","title":{"rendered":"Visit in Basque country &#8211; March 2011"},"content":{"rendered":"<p>Visit in Basque country &#8211; March 2011.<br \/>\nZ wizyt\u0105 robocz\u0105 w kraju Bask\u00f3w.<br \/>\nGdzie le\u017cy odleg\u0142a kraina Bask\u00f3w? Mieli\u015bmy okazj\u0119 pozna\u0107 j\u0105 w marcu podczas roboczej wizyty w ramach programu Comenius. Jest to nasz drugi projekt mi\u0119dzynarodowej wsp\u00f3\u0142pracy mi\u0119dzyszkolnej, tym razem nosz\u0105cy tytu\u0142 \u201e INTELIGENCJE WIELORAKIE SZANS\u0104 ROZWOJU EUROPEJCZYK\u00d3W\u201d. Wsp\u00f3\u0142prac\u0119 mi\u0119dzy szko\u0142ami z Wielkiej Brytanii, W\u0142och oraz z Hiszpanii, w\u0142a\u015bnie z krainy Bask\u00f3w, rozpocz\u0119li\u015bmy w tym roku szkolnym 2010\/2011.<br \/>\n At school<br \/>\nGdy u nas zima dobiega\u0142a ko\u0144ca, tam s\u0142o\u0144ce mocno ju\u017c przygrzewa\u0142o, ale ch\u0142odny wiatr d\u0105\u0142 od Zatoki Biskajskiej, a mo\u017ce nawet znad Oceanu Atlantyckiego. Kraina Bask\u00f3w znajduje si\u0119 na p\u00f3\u0142nocy Hiszpanii i graniczy z Francj\u0105. Szczyci si\u0119 malowniczym wybrze\u017cem, piaszczystymi pla\u017cami i do\u015b\u0107 wysokimi g\u00f3rami, nale\u017c\u0105cymi do pasma Pirenej\u00f3w. Baskowie bardzo dbaj\u0105 o swoje \u015brodowisko, co widoczne by\u0142o w skrupulatnej segregacji \u015bmieci. Zar\u00f3wno w wielkim mie\u015bcie Bilbao, jak i ma\u0142ej miejscowo\u015bci Ondarroa, gdzie znajduje si\u0119 nasza szko\u0142a partnerska TXOMIN AGIRRE IKASTOLA. Od najm\u0142odszych lat zajmuje si\u0119 ona kszta\u0142ceniem nawyk\u00f3w tej\u017ce segregacji, bior\u0105c udzia\u0142 w licznych projektach po\u015bwi\u0119conych ochronie \u015brodowiska. Widzieli\u015bmy tak\u017ce liczne pojemniki na odpady, osobne na papier, plastik, odpadki organiczne. Bardzo podoba\u0142y nam si\u0119 czyste ulice, codziennie sprz\u0105tane i sp\u0142ukiwane, czyste pla\u017ce i zielone ju\u017c skwerki ( na kt\u00f3rych sta\u0142y nie zniszczone \u0142awki ). Wida\u0107 te\u017c zmiany ekonomiczno-gospodarcze, kt\u00f3re polegaj\u0105 na Baskowie maj\u0105 sw\u00f3j odr\u0119bny j\u0119zyk, kt\u00f3ry jest niezwykle r\u00f3\u017cny od hiszpa\u0144skiego i dla nas trudny dla zapami\u0119tania. Np. \u201eDzie\u0144 dobry\u201d to \u201eEgun on\u201d, \u201eDobry wiecz\u00f3r\u201d to \u201eArratsalde on\u201d, \u201eDzi\u0119kuj\u0119\u201d to \u201eEskerrik asko\u201d, a \u201eMam na imi\u0119 &#8230;\u201d to \u201eNire izena &#8230;..da\u201d, \u201eCze\u015b\u0107\u201d to \u201eKaixo\u201d. Mogli\u015bmy jednak porozmawia\u0107 w j\u0119zyku angielskim z nauczycielami. Przyda\u0142a si\u0119 tak\u017ce znajomo\u015b\u0107 liczebnik\u00f3w i pospolitych zwrot\u00f3w grzeczno\u015bciowych w j\u0119zyku hiszpa\u0144skim. Baskowie k\u0142ad\u0105 du\u017cy nacisk, aby najm\u0142odsi uczyli si\u0119 j\u0119zyka angielskiego od najwcze\u015bniejszych lat. Dlatego od klas 1-3 uczniowie maj\u0105 3 lekcje j. angielskiego w tygodniu, a ponadto ucz\u0105 si\u0119 przyrody<br \/>\n( 1 godzina ) i plastyki ( 30 minut ) tak\u017ce w j\u0119zyku angielskim . Do tych wszystkich przedmiot\u00f3w maj\u0105 odpowiednie podr\u0119czniki w tym\u017ce j\u0119zyku. Nauka r\u00f3\u017cnych przedmiot\u00f3w w j\u0119zyku angielskim nie jest powszechna we wszystkich szko\u0142ach hiszpa\u0144skich, ale staje si\u0119 coraz bardziej popularna. Lekcje w Hiszpanii trwaj\u0105 60 minut. Zaczynaj\u0105 si\u0119 od godziny 9:00. Trwaj\u0105 do oko\u0142o 12:30. Nast\u0119pnie wszyscy udaj\u0105 si\u0119 na tradycyjn\u0105 sjest\u0119 do godziny 14:30, a po po\u0142udniu odbywaj\u0105 si\u0119 jeszcze dwie lekcje do godziny 16:30.<br \/>\nPodczas pracy nad projektem, wyznaczyli\u015bmy dalsze dzia\u0142ania, kt\u00f3re b\u0119dziemy podejmowa\u0107 do nast\u0119pnego spotkania w Polsce. Wi\u0119cej uwagi po\u015bwi\u0119cimy na rozw\u00f3j inteligencji muzycznej i ruchowej. Uczniowie b\u0119d\u0105 rozmawia\u0107 z ich r\u00f3wie\u015bnikami przez Internet przy u\u017cyciu programu Skype. We wrze\u015bniu odb\u0119dzie si\u0119 \u201eDzie\u0144 Mola Ksi\u0105\u017ckowego\u201d, po kt\u00f3rym b\u0119dziemy wykonywa\u0107 ksi\u0105\u017ceczk\u0119 z ilustracjami lub zdj\u0119ciami oraz popularnymi historyjkami. Podczas spotkania w Ondarroa nauczyciele uczyli si\u0119, jak publikowa\u0107 teksty i obrazki na naszej stronie internetowej www.comenius2.cba.pl . Pragniemy bowiem, aby ka\u017cdy kraj umieszcza\u0142 w niej artyku\u0142y w jego j\u0119zyku rodzimym. Ponadto &#8211; wszyscy uczymy si\u0119 przez ca\u0142e \u017cycie, niezale\u017cnie od tego ile mamy lat.<br \/>\nSzko\u0142a Podstawowa im. J. Lompy w Lubszy<br \/>\nBrygida Walczak, kwiecie\u0144 2011.<\/p>\n","protected":false},"excerpt":{"rendered":"<p>Visit in Basque country &#8211; March 2011. Z wizyt\u0105 robocz\u0105 w kraju Bask\u00f3w. Gdzie le\u017cy odleg\u0142a kraina Bask\u00f3w? Mieli\u015bmy okazj\u0119 pozna\u0107 j\u0105 w marcu podczas roboczej wizyty w ramach programu Comenius. Jest to nasz drugi projekt mi\u0119dzynarodowej wsp\u00f3\u0142pracy mi\u0119dzyszkolnej, tym razem nosz\u0105cy tytu\u0142 \u201e INTELIGENCJE WIELORAKIE SZANS\u0104 ROZWOJU EUROPEJCZYK\u00d3W\u201d. Wsp\u00f3\u0142prac\u0119 mi\u0119dzy szko\u0142ami z Wielkiej Brytanii, &hellip; <\/p>\n<p class=\"link-more\"><a href=\"https:\/\/splubsza.pl\/c2\/visit-in-basque-country-march-2011\/\" class=\"more-link\">Czytaj dalej<span class=\"screen-reader-text\"> \u201eVisit in Basque country &#8211; March 2011\u201d<\/span><\/a><\/p>\n","protected":false},"author":1,"featured_media":0,"parent":0,"menu_order":0,"comment_status":"closed","ping_status":"closed","template":"","meta":{"footnotes":""},"class_list":["post-374","page","type-page","status-publish","hentry"],"yoast_head":"<!-- This site is optimized with the Yoast SEO plugin v26.8 - https:\/\/yoast.com\/product\/yoast-seo-wordpress\/ -->\n<title>Visit in Basque country - March 2011 - Multiple Intelligences for a Better World<\/title>\n<meta name=\"description\" content=\"Visit in Basque country - March 2011 - Multiple Intelligences for a Better World\" \/>\n<meta name=\"robots\" content=\"index, follow, max-snippet:-1, max-image-preview:large, max-video-preview:-1\" \/>\n<link rel=\"canonical\" href=\"https:\/\/splubsza.pl\/c2\/visit-in-basque-country-march-2011\/\" \/>\n<meta property=\"og:locale\" content=\"pl_PL\" \/>\n<meta property=\"og:type\" content=\"article\" \/>\n<meta property=\"og:title\" content=\"Visit in Basque country - March 2011 - Multiple Intelligences for a Better World\" \/>\n<meta property=\"og:description\" content=\"Visit in Basque country - March 2011 - Multiple Intelligences for a Better World\" \/>\n<meta property=\"og:url\" content=\"https:\/\/splubsza.pl\/c2\/visit-in-basque-country-march-2011\/\" \/>\n<meta property=\"og:site_name\" content=\"Multiple Intelligences for a Better World\" \/>\n<meta name=\"twitter:card\" content=\"summary_large_image\" \/>\n<meta name=\"twitter:label1\" content=\"Szacowany czas czytania\" \/>\n\t<meta name=\"twitter:data1\" content=\"3 minuty\" \/>\n<script type=\"application\/ld+json\" class=\"yoast-schema-graph\">{\"@context\":\"https:\/\/schema.org\",\"@graph\":[{\"@type\":\"WebPage\",\"@id\":\"https:\/\/splubsza.pl\/c2\/visit-in-basque-country-march-2011\/\",\"url\":\"https:\/\/splubsza.pl\/c2\/visit-in-basque-country-march-2011\/\",\"name\":\"Visit in Basque country - March 2011 - Multiple Intelligences for a Better World\",\"isPartOf\":{\"@id\":\"https:\/\/splubsza.pl\/c2\/#website\"},\"datePublished\":\"2016-03-03T20:41:25+00:00\",\"description\":\"Visit in Basque country - March 2011 - Multiple Intelligences for a Better World\",\"breadcrumb\":{\"@id\":\"https:\/\/splubsza.pl\/c2\/visit-in-basque-country-march-2011\/#breadcrumb\"},\"inLanguage\":\"pl-PL\",\"potentialAction\":[{\"@type\":\"ReadAction\",\"target\":[\"https:\/\/splubsza.pl\/c2\/visit-in-basque-country-march-2011\/\"]}]},{\"@type\":\"BreadcrumbList\",\"@id\":\"https:\/\/splubsza.pl\/c2\/visit-in-basque-country-march-2011\/#breadcrumb\",\"itemListElement\":[{\"@type\":\"ListItem\",\"position\":1,\"name\":\"Strona g\u0142\u00f3wna\",\"item\":\"https:\/\/splubsza.pl\/c2\/\"},{\"@type\":\"ListItem\",\"position\":2,\"name\":\"Visit in Basque country &#8211; March 2011\"}]},{\"@type\":\"WebSite\",\"@id\":\"https:\/\/splubsza.pl\/c2\/#website\",\"url\":\"https:\/\/splubsza.pl\/c2\/\",\"name\":\"Multiple Intelligences for a Better World\",\"description\":\"Comenius project 2010 - 2012 | SP Lubsza and our partners\",\"publisher\":{\"@id\":\"https:\/\/splubsza.pl\/c2\/#organization\"},\"potentialAction\":[{\"@type\":\"SearchAction\",\"target\":{\"@type\":\"EntryPoint\",\"urlTemplate\":\"https:\/\/splubsza.pl\/c2\/?s={search_term_string}\"},\"query-input\":{\"@type\":\"PropertyValueSpecification\",\"valueRequired\":true,\"valueName\":\"search_term_string\"}}],\"inLanguage\":\"pl-PL\"},{\"@type\":\"Organization\",\"@id\":\"https:\/\/splubsza.pl\/c2\/#organization\",\"name\":\"Szko\u0142a Podstawowa im. J\u00f3zefa Lompy w Lubszy\",\"url\":\"https:\/\/splubsza.pl\/c2\/\",\"logo\":{\"@type\":\"ImageObject\",\"inLanguage\":\"pl-PL\",\"@id\":\"https:\/\/splubsza.pl\/c2\/#\/schema\/logo\/image\/\",\"url\":\"https:\/\/splubsza.pl\/c2\/wp-content\/uploads\/2019\/12\/logosplubsza211x145.jpg\",\"contentUrl\":\"https:\/\/splubsza.pl\/c2\/wp-content\/uploads\/2019\/12\/logosplubsza211x145.jpg\",\"width\":211,\"height\":145,\"caption\":\"Szko\u0142a Podstawowa im. J\u00f3zefa Lompy w Lubszy\"},\"image\":{\"@id\":\"https:\/\/splubsza.pl\/c2\/#\/schema\/logo\/image\/\"}}]}<\/script>\n<!-- \/ Yoast SEO plugin. -->","yoast_head_json":{"title":"Visit in Basque country - March 2011 - Multiple Intelligences for a Better World","description":"Visit in Basque country - March 2011 - Multiple Intelligences for a Better World","robots":{"index":"index","follow":"follow","max-snippet":"max-snippet:-1","max-image-preview":"max-image-preview:large","max-video-preview":"max-video-preview:-1"},"canonical":"https:\/\/splubsza.pl\/c2\/visit-in-basque-country-march-2011\/","og_locale":"pl_PL","og_type":"article","og_title":"Visit in Basque country - March 2011 - Multiple Intelligences for a Better World","og_description":"Visit in Basque country - March 2011 - Multiple Intelligences for a Better World","og_url":"https:\/\/splubsza.pl\/c2\/visit-in-basque-country-march-2011\/","og_site_name":"Multiple Intelligences for a Better World","twitter_card":"summary_large_image","twitter_misc":{"Szacowany czas czytania":"3 minuty"},"schema":{"@context":"https:\/\/schema.org","@graph":[{"@type":"WebPage","@id":"https:\/\/splubsza.pl\/c2\/visit-in-basque-country-march-2011\/","url":"https:\/\/splubsza.pl\/c2\/visit-in-basque-country-march-2011\/","name":"Visit in Basque country - March 2011 - Multiple Intelligences for a Better World","isPartOf":{"@id":"https:\/\/splubsza.pl\/c2\/#website"},"datePublished":"2016-03-03T20:41:25+00:00","description":"Visit in Basque country - March 2011 - Multiple Intelligences for a Better World","breadcrumb":{"@id":"https:\/\/splubsza.pl\/c2\/visit-in-basque-country-march-2011\/#breadcrumb"},"inLanguage":"pl-PL","potentialAction":[{"@type":"ReadAction","target":["https:\/\/splubsza.pl\/c2\/visit-in-basque-country-march-2011\/"]}]},{"@type":"BreadcrumbList","@id":"https:\/\/splubsza.pl\/c2\/visit-in-basque-country-march-2011\/#breadcrumb","itemListElement":[{"@type":"ListItem","position":1,"name":"Strona g\u0142\u00f3wna","item":"https:\/\/splubsza.pl\/c2\/"},{"@type":"ListItem","position":2,"name":"Visit in Basque country &#8211; March 2011"}]},{"@type":"WebSite","@id":"https:\/\/splubsza.pl\/c2\/#website","url":"https:\/\/splubsza.pl\/c2\/","name":"Multiple Intelligences for a Better World","description":"Comenius project 2010 - 2012 | SP Lubsza and our partners","publisher":{"@id":"https:\/\/splubsza.pl\/c2\/#organization"},"potentialAction":[{"@type":"SearchAction","target":{"@type":"EntryPoint","urlTemplate":"https:\/\/splubsza.pl\/c2\/?s={search_term_string}"},"query-input":{"@type":"PropertyValueSpecification","valueRequired":true,"valueName":"search_term_string"}}],"inLanguage":"pl-PL"},{"@type":"Organization","@id":"https:\/\/splubsza.pl\/c2\/#organization","name":"Szko\u0142a Podstawowa im. J\u00f3zefa Lompy w Lubszy","url":"https:\/\/splubsza.pl\/c2\/","logo":{"@type":"ImageObject","inLanguage":"pl-PL","@id":"https:\/\/splubsza.pl\/c2\/#\/schema\/logo\/image\/","url":"https:\/\/splubsza.pl\/c2\/wp-content\/uploads\/2019\/12\/logosplubsza211x145.jpg","contentUrl":"https:\/\/splubsza.pl\/c2\/wp-content\/uploads\/2019\/12\/logosplubsza211x145.jpg","width":211,"height":145,"caption":"Szko\u0142a Podstawowa im. J\u00f3zefa Lompy w Lubszy"},"image":{"@id":"https:\/\/splubsza.pl\/c2\/#\/schema\/logo\/image\/"}}]}},"_links":{"self":[{"href":"https:\/\/splubsza.pl\/c2\/wp-json\/wp\/v2\/pages\/374","targetHints":{"allow":["GET"]}}],"collection":[{"href":"https:\/\/splubsza.pl\/c2\/wp-json\/wp\/v2\/pages"}],"about":[{"href":"https:\/\/splubsza.pl\/c2\/wp-json\/wp\/v2\/types\/page"}],"author":[{"embeddable":true,"href":"https:\/\/splubsza.pl\/c2\/wp-json\/wp\/v2\/users\/1"}],"replies":[{"embeddable":true,"href":"https:\/\/splubsza.pl\/c2\/wp-json\/wp\/v2\/comments?post=374"}],"version-history":[{"count":0,"href":"https:\/\/splubsza.pl\/c2\/wp-json\/wp\/v2\/pages\/374\/revisions"}],"wp:attachment":[{"href":"https:\/\/splubsza.pl\/c2\/wp-json\/wp\/v2\/media?parent=374"}],"curies":[{"name":"wp","href":"https:\/\/api.w.org\/{rel}","templated":true}]}}