{"id":16,"date":"2016-03-03T12:40:38","date_gmt":"2016-03-03T11:40:38","guid":{"rendered":"http:\/\/comenius2.cba.pl\/?page_id=16"},"modified":"2020-02-03T18:46:10","modified_gmt":"2020-02-03T17:46:10","slug":"comenius-meeting-in-poland","status":"publish","type":"page","link":"https:\/\/splubsza.pl\/c2\/comenius-meeting-in-poland\/","title":{"rendered":"Comenius meeting in Poland 2011"},"content":{"rendered":"\n<p class=\"has-text-color has-background has-vivid-red-color has-vivid-cyan-blue-background-color\"><strong>Wizyta partnerska w Lubszy \u2013 Comenius 2011<\/strong><\/p>\n\n\n\n<p>W dniach od 17. do 19.&nbsp;&nbsp;pa\u017adziernika 2011 roku go\u015bcili\u015bmy w Szkole Podstawowej im. J. Lompy w Lubszy przedstawicieli&nbsp;&nbsp;szk\u00f3\u0142 partnerskich z Wielkiej Brytanii (14 os\u00f3b w tym 7 dzieci i 7 doros\u0142ych), z W\u0142och ( 6 os\u00f3b) i Hiszpanii ( 2 osoby). Przywitali\u015bmy ich uroczy\u015bcie akademi\u0105 z okazji Dnia Edukacji Narodowej, co wzbudzi\u0142o uznanie w\u015br\u00f3d partner\u00f3w z zagranicy, kt\u00f3rzy zawsze doceniaj\u0105 wokalne i instrumentalne wyst\u0119py naszych uczni\u00f3w.&nbsp;<\/p>\n\n\n<p><a href=\"https:\/\/splubsza.pl\/c2\/fa\/wcompol2011\/index.html\" target=\"_blank\" rel=\"noopener noreferrer\"><img loading=\"lazy\" decoding=\"async\" class=\"aligncenter\" src=\"https:\/\/splubsza.pl\/c2\/fa\/wcompol2011\/wcompol2011a.jpg\" alt=\"Fotoalbum\" width=\"400\" height=\"305\" border=\"4\"><\/a><\/p>\n\n\n<p> &nbsp;Nasz projekt nosi tytu\u0142 \u201eInteligencje wielorakie szans\u0105 rozwoju Europejczyk\u00f3w\u201d. Taka wsp\u00f3\u0142praca z nauczycielami i uczniami z innych szk\u00f3\u0142 jest doskona\u0142\u0105 okazj\u0105 do wymiany do\u015bwiadcze\u0144 edukacyjnych oraz osobistych. Przekonali si\u0119 o tym szczeg\u00f3lnie uczniowie klasy 6, kt\u00f3rzy opiekowali si\u0119 r\u00f3wie\u015bnikami ze szko\u0142y brytyjskiej i sp\u0119dzili z nimi czas na zaj\u0119ciach plastycznych w szkole oraz podczas spaceru po Lubszy. Kolejny raz do\u015bwiadczyli\u015bmy wa\u017cno\u015bci uczenia si\u0119 j\u0119zyk\u00f3w obcych. <\/p>\n","protected":false},"excerpt":{"rendered":"<p>Wizyta partnerska w Lubszy \u2013 Comenius 2011 W dniach od 17. do 19.&nbsp;&nbsp;pa\u017adziernika 2011 roku go\u015bcili\u015bmy w Szkole Podstawowej im. J. Lompy w Lubszy przedstawicieli&nbsp;&nbsp;szk\u00f3\u0142 partnerskich z Wielkiej Brytanii (14 os\u00f3b w tym 7 dzieci i 7 doros\u0142ych), z W\u0142och ( 6 os\u00f3b) i Hiszpanii ( 2 osoby). Przywitali\u015bmy ich uroczy\u015bcie akademi\u0105 z okazji Dnia &hellip; <\/p>\n<p class=\"link-more\"><a href=\"https:\/\/splubsza.pl\/c2\/comenius-meeting-in-poland\/\" class=\"more-link\">Czytaj dalej<span class=\"screen-reader-text\"> \u201eComenius meeting in Poland 2011\u201d<\/span><\/a><\/p>\n","protected":false},"author":1,"featured_media":0,"parent":0,"menu_order":0,"comment_status":"closed","ping_status":"closed","template":"","meta":{"footnotes":""},"class_list":["post-16","page","type-page","status-publish","hentry"],"yoast_head":"<!-- This site is optimized with the Yoast SEO plugin v26.8 - https:\/\/yoast.com\/product\/yoast-seo-wordpress\/ -->\n<title>Comenius meeting in Poland 2011 - Multiple Intelligences for a Better World<\/title>\n<meta name=\"description\" content=\"Comenius meeting in Poland 2011 - Multiple Intelligences for a Better World\" \/>\n<meta name=\"robots\" content=\"index, follow, max-snippet:-1, max-image-preview:large, max-video-preview:-1\" \/>\n<link rel=\"canonical\" href=\"https:\/\/splubsza.pl\/c2\/comenius-meeting-in-poland\/\" \/>\n<meta property=\"og:locale\" content=\"pl_PL\" \/>\n<meta property=\"og:type\" content=\"article\" \/>\n<meta property=\"og:title\" content=\"Comenius meeting in Poland 2011 - Multiple Intelligences for a Better World\" \/>\n<meta property=\"og:description\" content=\"Comenius meeting in Poland 2011 - Multiple Intelligences for a Better World\" \/>\n<meta property=\"og:url\" content=\"https:\/\/splubsza.pl\/c2\/comenius-meeting-in-poland\/\" \/>\n<meta property=\"og:site_name\" content=\"Multiple Intelligences for a Better World\" \/>\n<meta property=\"article:modified_time\" content=\"2020-02-03T17:46:10+00:00\" \/>\n<meta property=\"og:image\" content=\"https:\/\/splubsza.pl\/c2\/fa\/wcompol2011\/wcompol2011a.jpg\" \/>\n<meta name=\"twitter:card\" content=\"summary_large_image\" \/>\n<meta name=\"twitter:label1\" content=\"Szacowany czas czytania\" \/>\n\t<meta name=\"twitter:data1\" content=\"1 minuta\" \/>\n<script type=\"application\/ld+json\" class=\"yoast-schema-graph\">{\"@context\":\"https:\/\/schema.org\",\"@graph\":[{\"@type\":\"WebPage\",\"@id\":\"https:\/\/splubsza.pl\/c2\/comenius-meeting-in-poland\/\",\"url\":\"https:\/\/splubsza.pl\/c2\/comenius-meeting-in-poland\/\",\"name\":\"Comenius meeting in Poland 2011 - Multiple Intelligences for a Better World\",\"isPartOf\":{\"@id\":\"https:\/\/splubsza.pl\/c2\/#website\"},\"primaryImageOfPage\":{\"@id\":\"https:\/\/splubsza.pl\/c2\/comenius-meeting-in-poland\/#primaryimage\"},\"image\":{\"@id\":\"https:\/\/splubsza.pl\/c2\/comenius-meeting-in-poland\/#primaryimage\"},\"thumbnailUrl\":\"https:\/\/splubsza.pl\/c2\/fa\/wcompol2011\/wcompol2011a.jpg\",\"datePublished\":\"2016-03-03T11:40:38+00:00\",\"dateModified\":\"2020-02-03T17:46:10+00:00\",\"description\":\"Comenius meeting in Poland 2011 - Multiple Intelligences for a Better World\",\"breadcrumb\":{\"@id\":\"https:\/\/splubsza.pl\/c2\/comenius-meeting-in-poland\/#breadcrumb\"},\"inLanguage\":\"pl-PL\",\"potentialAction\":[{\"@type\":\"ReadAction\",\"target\":[\"https:\/\/splubsza.pl\/c2\/comenius-meeting-in-poland\/\"]}]},{\"@type\":\"ImageObject\",\"inLanguage\":\"pl-PL\",\"@id\":\"https:\/\/splubsza.pl\/c2\/comenius-meeting-in-poland\/#primaryimage\",\"url\":\"https:\/\/splubsza.pl\/c2\/fa\/wcompol2011\/wcompol2011a.jpg\",\"contentUrl\":\"https:\/\/splubsza.pl\/c2\/fa\/wcompol2011\/wcompol2011a.jpg\"},{\"@type\":\"BreadcrumbList\",\"@id\":\"https:\/\/splubsza.pl\/c2\/comenius-meeting-in-poland\/#breadcrumb\",\"itemListElement\":[{\"@type\":\"ListItem\",\"position\":1,\"name\":\"Strona g\u0142\u00f3wna\",\"item\":\"https:\/\/splubsza.pl\/c2\/\"},{\"@type\":\"ListItem\",\"position\":2,\"name\":\"Comenius meeting in Poland 2011\"}]},{\"@type\":\"WebSite\",\"@id\":\"https:\/\/splubsza.pl\/c2\/#website\",\"url\":\"https:\/\/splubsza.pl\/c2\/\",\"name\":\"Multiple Intelligences for a Better World\",\"description\":\"Comenius project 2010 - 2012 | SP Lubsza and our partners\",\"publisher\":{\"@id\":\"https:\/\/splubsza.pl\/c2\/#organization\"},\"potentialAction\":[{\"@type\":\"SearchAction\",\"target\":{\"@type\":\"EntryPoint\",\"urlTemplate\":\"https:\/\/splubsza.pl\/c2\/?s={search_term_string}\"},\"query-input\":{\"@type\":\"PropertyValueSpecification\",\"valueRequired\":true,\"valueName\":\"search_term_string\"}}],\"inLanguage\":\"pl-PL\"},{\"@type\":\"Organization\",\"@id\":\"https:\/\/splubsza.pl\/c2\/#organization\",\"name\":\"Szko\u0142a Podstawowa im. J\u00f3zefa Lompy w Lubszy\",\"url\":\"https:\/\/splubsza.pl\/c2\/\",\"logo\":{\"@type\":\"ImageObject\",\"inLanguage\":\"pl-PL\",\"@id\":\"https:\/\/splubsza.pl\/c2\/#\/schema\/logo\/image\/\",\"url\":\"https:\/\/splubsza.pl\/c2\/wp-content\/uploads\/2019\/12\/logosplubsza211x145.jpg\",\"contentUrl\":\"https:\/\/splubsza.pl\/c2\/wp-content\/uploads\/2019\/12\/logosplubsza211x145.jpg\",\"width\":211,\"height\":145,\"caption\":\"Szko\u0142a Podstawowa im. J\u00f3zefa Lompy w Lubszy\"},\"image\":{\"@id\":\"https:\/\/splubsza.pl\/c2\/#\/schema\/logo\/image\/\"}}]}<\/script>\n<!-- \/ Yoast SEO plugin. -->","yoast_head_json":{"title":"Comenius meeting in Poland 2011 - Multiple Intelligences for a Better World","description":"Comenius meeting in Poland 2011 - Multiple Intelligences for a Better World","robots":{"index":"index","follow":"follow","max-snippet":"max-snippet:-1","max-image-preview":"max-image-preview:large","max-video-preview":"max-video-preview:-1"},"canonical":"https:\/\/splubsza.pl\/c2\/comenius-meeting-in-poland\/","og_locale":"pl_PL","og_type":"article","og_title":"Comenius meeting in Poland 2011 - Multiple Intelligences for a Better World","og_description":"Comenius meeting in Poland 2011 - Multiple Intelligences for a Better World","og_url":"https:\/\/splubsza.pl\/c2\/comenius-meeting-in-poland\/","og_site_name":"Multiple Intelligences for a Better World","article_modified_time":"2020-02-03T17:46:10+00:00","og_image":[{"url":"https:\/\/splubsza.pl\/c2\/fa\/wcompol2011\/wcompol2011a.jpg","type":"","width":"","height":""}],"twitter_card":"summary_large_image","twitter_misc":{"Szacowany czas czytania":"1 minuta"},"schema":{"@context":"https:\/\/schema.org","@graph":[{"@type":"WebPage","@id":"https:\/\/splubsza.pl\/c2\/comenius-meeting-in-poland\/","url":"https:\/\/splubsza.pl\/c2\/comenius-meeting-in-poland\/","name":"Comenius meeting in Poland 2011 - Multiple Intelligences for a Better World","isPartOf":{"@id":"https:\/\/splubsza.pl\/c2\/#website"},"primaryImageOfPage":{"@id":"https:\/\/splubsza.pl\/c2\/comenius-meeting-in-poland\/#primaryimage"},"image":{"@id":"https:\/\/splubsza.pl\/c2\/comenius-meeting-in-poland\/#primaryimage"},"thumbnailUrl":"https:\/\/splubsza.pl\/c2\/fa\/wcompol2011\/wcompol2011a.jpg","datePublished":"2016-03-03T11:40:38+00:00","dateModified":"2020-02-03T17:46:10+00:00","description":"Comenius meeting in Poland 2011 - Multiple Intelligences for a Better World","breadcrumb":{"@id":"https:\/\/splubsza.pl\/c2\/comenius-meeting-in-poland\/#breadcrumb"},"inLanguage":"pl-PL","potentialAction":[{"@type":"ReadAction","target":["https:\/\/splubsza.pl\/c2\/comenius-meeting-in-poland\/"]}]},{"@type":"ImageObject","inLanguage":"pl-PL","@id":"https:\/\/splubsza.pl\/c2\/comenius-meeting-in-poland\/#primaryimage","url":"https:\/\/splubsza.pl\/c2\/fa\/wcompol2011\/wcompol2011a.jpg","contentUrl":"https:\/\/splubsza.pl\/c2\/fa\/wcompol2011\/wcompol2011a.jpg"},{"@type":"BreadcrumbList","@id":"https:\/\/splubsza.pl\/c2\/comenius-meeting-in-poland\/#breadcrumb","itemListElement":[{"@type":"ListItem","position":1,"name":"Strona g\u0142\u00f3wna","item":"https:\/\/splubsza.pl\/c2\/"},{"@type":"ListItem","position":2,"name":"Comenius meeting in Poland 2011"}]},{"@type":"WebSite","@id":"https:\/\/splubsza.pl\/c2\/#website","url":"https:\/\/splubsza.pl\/c2\/","name":"Multiple Intelligences for a Better World","description":"Comenius project 2010 - 2012 | SP Lubsza and our partners","publisher":{"@id":"https:\/\/splubsza.pl\/c2\/#organization"},"potentialAction":[{"@type":"SearchAction","target":{"@type":"EntryPoint","urlTemplate":"https:\/\/splubsza.pl\/c2\/?s={search_term_string}"},"query-input":{"@type":"PropertyValueSpecification","valueRequired":true,"valueName":"search_term_string"}}],"inLanguage":"pl-PL"},{"@type":"Organization","@id":"https:\/\/splubsza.pl\/c2\/#organization","name":"Szko\u0142a Podstawowa im. J\u00f3zefa Lompy w Lubszy","url":"https:\/\/splubsza.pl\/c2\/","logo":{"@type":"ImageObject","inLanguage":"pl-PL","@id":"https:\/\/splubsza.pl\/c2\/#\/schema\/logo\/image\/","url":"https:\/\/splubsza.pl\/c2\/wp-content\/uploads\/2019\/12\/logosplubsza211x145.jpg","contentUrl":"https:\/\/splubsza.pl\/c2\/wp-content\/uploads\/2019\/12\/logosplubsza211x145.jpg","width":211,"height":145,"caption":"Szko\u0142a Podstawowa im. J\u00f3zefa Lompy w Lubszy"},"image":{"@id":"https:\/\/splubsza.pl\/c2\/#\/schema\/logo\/image\/"}}]}},"_links":{"self":[{"href":"https:\/\/splubsza.pl\/c2\/wp-json\/wp\/v2\/pages\/16","targetHints":{"allow":["GET"]}}],"collection":[{"href":"https:\/\/splubsza.pl\/c2\/wp-json\/wp\/v2\/pages"}],"about":[{"href":"https:\/\/splubsza.pl\/c2\/wp-json\/wp\/v2\/types\/page"}],"author":[{"embeddable":true,"href":"https:\/\/splubsza.pl\/c2\/wp-json\/wp\/v2\/users\/1"}],"replies":[{"embeddable":true,"href":"https:\/\/splubsza.pl\/c2\/wp-json\/wp\/v2\/comments?post=16"}],"version-history":[{"count":0,"href":"https:\/\/splubsza.pl\/c2\/wp-json\/wp\/v2\/pages\/16\/revisions"}],"wp:attachment":[{"href":"https:\/\/splubsza.pl\/c2\/wp-json\/wp\/v2\/media?parent=16"}],"curies":[{"name":"wp","href":"https:\/\/api.w.org\/{rel}","templated":true}]}}