{"id":625,"date":"2020-01-01T23:21:51","date_gmt":"2020-01-01T22:21:51","guid":{"rendered":"http:\/\/comenius.cba.pl\/?page_id=602"},"modified":"2020-01-01T23:21:51","modified_gmt":"2020-01-01T22:21:51","slug":"reaktywacja-strony","status":"publish","type":"page","link":"https:\/\/splubsza.pl\/c\/reaktywacja-strony\/","title":{"rendered":"Reaktywacja strony"},"content":{"rendered":"\n<p> Mi\u0142o mi poinformowa\u0107, \u017ce w grudniu 2019 roku. nast\u0105pi\u0142a\u00a0<em>reaktywacja strony<\/em>, kt\u00f3ra przesta\u0142a dzia\u0142a\u0107 ok. dwa lata temu ze wzgl\u0119d\u00f3w technicznych ( stare nieaktualne wersje oprogramowania).<\/p>\n\n\n\n<p>S\u0105 u\u017cywane najnowsze wersje j\u0119zyk\u00f3w programowania w oparciu o kt\u00f3re dzia\u0142a strona: aktualnie jest to <em>\u00a0PHP 7.3.12, MySQL 5.6.42 \u2013 Linux<\/em> . Trwa rekonstrukcja\u00a0tre\u015bci artyku\u0142\u00f3w przy\u00a0 u\u017cyciu napisanych w tym celu skrypt\u00f3w php, z wyeksportowanych tabel bazy danych starej strony <\/p>\n\n\n\n<p>Tre\u015bci s\u0105 stopniowo przenoszone \u201er\u0119cznie\u201d na podstawie zawarto\u015bci bazy danych \u201estarej\u201d strony oraz plik\u00f3w kopii zapasowych strony.<\/p>\n\n\n\n<p>Przeniesiono ju\u017c wi\u0119kszo\u015b\u0107 plik\u00f3w i fotoalbum\u00f3w. Obecna strona w odr\u00f3\u017cnieniu do poprzedniej dobrze dzia\u0142a na urz\u0105dzeniach mobilnych. Aktualnie jest przeprowadzana optymalizacja strony internetowej pod k\u0105tem SEO.&nbsp;<\/p>\n\n\n\n<p>U\u017cywana jest te\u017c <a href=\"https:\/\/support.google.com\/webmasters\/answer\/9128668?hl=pl\">Google Search Console<\/a> &#8211; bezp\u0142atna us\u0142uga Google, kt\u00f3ra pomaga monitorowa\u0107 pozycj\u0119 witryny w wynikach wyszukiwania Google oraz dba\u0107 o ni\u0105 i eliminowa\u0107 zwi\u0105zane z ni\u0105 problemy.<\/p>\n\n\n\n<p>Edward Morcinek<\/p>\n","protected":false},"excerpt":{"rendered":"<p>Mi\u0142o mi poinformowa\u0107, \u017ce w grudniu 2019 roku. nast\u0105pi\u0142a\u00a0reaktywacja strony, kt\u00f3ra przesta\u0142a dzia\u0142a\u0107 ok. dwa lata temu ze wzgl\u0119d\u00f3w technicznych ( stare nieaktualne wersje oprogramowania). S\u0105 u\u017cywane najnowsze wersje j\u0119zyk\u00f3w programowania w oparciu o kt\u00f3re dzia\u0142a strona: aktualnie jest to \u00a0PHP 7.3.12, MySQL 5.6.42 \u2013 Linux . Trwa rekonstrukcja\u00a0tre\u015bci artyku\u0142\u00f3w przy\u00a0 u\u017cyciu napisanych w tym &hellip; <\/p>\n<p class=\"link-more\"><a href=\"https:\/\/splubsza.pl\/c\/reaktywacja-strony\/\" class=\"more-link\">Czytaj dalej<span class=\"screen-reader-text\"> \u201eReaktywacja strony\u201d<\/span><\/a><\/p>\n","protected":false},"author":1,"featured_media":0,"parent":0,"menu_order":0,"comment_status":"closed","ping_status":"closed","template":"","meta":{"footnotes":""},"class_list":["post-625","page","type-page","status-publish","hentry"],"yoast_head":"<!-- This site is optimized with the Yoast SEO plugin v26.8 - https:\/\/yoast.com\/product\/yoast-seo-wordpress\/ -->\n<title>Reaktywacja strony - CREATIVE LIFELONG LEARNING FOR HEALTHY LIVING IN EUROPE<\/title>\n<meta name=\"robots\" content=\"index, follow, max-snippet:-1, max-image-preview:large, max-video-preview:-1\" \/>\n<link rel=\"canonical\" href=\"https:\/\/splubsza.pl\/c\/reaktywacja-strony\/\" \/>\n<meta property=\"og:locale\" content=\"pl_PL\" \/>\n<meta property=\"og:type\" content=\"article\" \/>\n<meta property=\"og:title\" content=\"Reaktywacja strony - CREATIVE LIFELONG LEARNING FOR HEALTHY LIVING IN EUROPE\" \/>\n<meta property=\"og:description\" content=\"Mi\u0142o mi poinformowa\u0107, \u017ce w grudniu 2019 roku. nast\u0105pi\u0142a\u00a0reaktywacja strony, kt\u00f3ra przesta\u0142a dzia\u0142a\u0107 ok. dwa lata temu ze wzgl\u0119d\u00f3w technicznych ( stare nieaktualne wersje oprogramowania). S\u0105 u\u017cywane najnowsze wersje j\u0119zyk\u00f3w programowania w oparciu o kt\u00f3re dzia\u0142a strona: aktualnie jest to \u00a0PHP 7.3.12, MySQL 5.6.42 \u2013 Linux . Trwa rekonstrukcja\u00a0tre\u015bci artyku\u0142\u00f3w przy\u00a0 u\u017cyciu napisanych w tym &hellip; Czytaj dalej \u201eReaktywacja strony\u201d\" \/>\n<meta property=\"og:url\" content=\"https:\/\/splubsza.pl\/c\/reaktywacja-strony\/\" \/>\n<meta property=\"og:site_name\" content=\"CREATIVE LIFELONG LEARNING FOR HEALTHY LIVING IN EUROPE\" \/>\n<meta name=\"twitter:card\" content=\"summary_large_image\" \/>\n<meta name=\"twitter:label1\" content=\"Szacowany czas czytania\" \/>\n\t<meta name=\"twitter:data1\" content=\"1 minuta\" \/>\n<script type=\"application\/ld+json\" class=\"yoast-schema-graph\">{\"@context\":\"https:\/\/schema.org\",\"@graph\":[{\"@type\":\"WebPage\",\"@id\":\"https:\/\/splubsza.pl\/c\/reaktywacja-strony\/\",\"url\":\"https:\/\/splubsza.pl\/c\/reaktywacja-strony\/\",\"name\":\"Reaktywacja strony - CREATIVE LIFELONG LEARNING FOR HEALTHY LIVING IN EUROPE\",\"isPartOf\":{\"@id\":\"https:\/\/splubsza.pl\/c\/#website\"},\"datePublished\":\"2020-01-01T22:21:51+00:00\",\"breadcrumb\":{\"@id\":\"https:\/\/splubsza.pl\/c\/reaktywacja-strony\/#breadcrumb\"},\"inLanguage\":\"pl-PL\",\"potentialAction\":[{\"@type\":\"ReadAction\",\"target\":[\"https:\/\/splubsza.pl\/c\/reaktywacja-strony\/\"]}]},{\"@type\":\"BreadcrumbList\",\"@id\":\"https:\/\/splubsza.pl\/c\/reaktywacja-strony\/#breadcrumb\",\"itemListElement\":[{\"@type\":\"ListItem\",\"position\":1,\"name\":\"Strona g\u0142\u00f3wna\",\"item\":\"https:\/\/splubsza.pl\/c\/\"},{\"@type\":\"ListItem\",\"position\":2,\"name\":\"Reaktywacja strony\"}]},{\"@type\":\"WebSite\",\"@id\":\"https:\/\/splubsza.pl\/c\/#website\",\"url\":\"https:\/\/splubsza.pl\/c\/\",\"name\":\"CREATIVE LIFELONG LEARNING FOR HEALTHY LIVING IN EUROPE\",\"description\":\"Comenius project 2008 -2010 | SP Lubsza and our partners\",\"publisher\":{\"@id\":\"https:\/\/splubsza.pl\/c\/#organization\"},\"potentialAction\":[{\"@type\":\"SearchAction\",\"target\":{\"@type\":\"EntryPoint\",\"urlTemplate\":\"https:\/\/splubsza.pl\/c\/?s={search_term_string}\"},\"query-input\":{\"@type\":\"PropertyValueSpecification\",\"valueRequired\":true,\"valueName\":\"search_term_string\"}}],\"inLanguage\":\"pl-PL\"},{\"@type\":\"Organization\",\"@id\":\"https:\/\/splubsza.pl\/c\/#organization\",\"name\":\"Szko\u0142a Podstawowa im. J\u00f3zefa Lompy w Lubszy\",\"url\":\"https:\/\/splubsza.pl\/c\/\",\"logo\":{\"@type\":\"ImageObject\",\"inLanguage\":\"pl-PL\",\"@id\":\"https:\/\/splubsza.pl\/c\/#\/schema\/logo\/image\/\",\"url\":\"https:\/\/splubsza.pl\/c\/wp-content\/uploads\/2019\/12\/logosplubsza211x145.jpg\",\"contentUrl\":\"https:\/\/splubsza.pl\/c\/wp-content\/uploads\/2019\/12\/logosplubsza211x145.jpg\",\"width\":211,\"height\":145,\"caption\":\"Szko\u0142a Podstawowa im. J\u00f3zefa Lompy w Lubszy\"},\"image\":{\"@id\":\"https:\/\/splubsza.pl\/c\/#\/schema\/logo\/image\/\"}}]}<\/script>\n<!-- \/ Yoast SEO plugin. -->","yoast_head_json":{"title":"Reaktywacja strony - CREATIVE LIFELONG LEARNING FOR HEALTHY LIVING IN EUROPE","robots":{"index":"index","follow":"follow","max-snippet":"max-snippet:-1","max-image-preview":"max-image-preview:large","max-video-preview":"max-video-preview:-1"},"canonical":"https:\/\/splubsza.pl\/c\/reaktywacja-strony\/","og_locale":"pl_PL","og_type":"article","og_title":"Reaktywacja strony - CREATIVE LIFELONG LEARNING FOR HEALTHY LIVING IN EUROPE","og_description":"Mi\u0142o mi poinformowa\u0107, \u017ce w grudniu 2019 roku. nast\u0105pi\u0142a\u00a0reaktywacja strony, kt\u00f3ra przesta\u0142a dzia\u0142a\u0107 ok. dwa lata temu ze wzgl\u0119d\u00f3w technicznych ( stare nieaktualne wersje oprogramowania). S\u0105 u\u017cywane najnowsze wersje j\u0119zyk\u00f3w programowania w oparciu o kt\u00f3re dzia\u0142a strona: aktualnie jest to \u00a0PHP 7.3.12, MySQL 5.6.42 \u2013 Linux . Trwa rekonstrukcja\u00a0tre\u015bci artyku\u0142\u00f3w przy\u00a0 u\u017cyciu napisanych w tym &hellip; Czytaj dalej \u201eReaktywacja strony\u201d","og_url":"https:\/\/splubsza.pl\/c\/reaktywacja-strony\/","og_site_name":"CREATIVE LIFELONG LEARNING FOR HEALTHY LIVING IN EUROPE","twitter_card":"summary_large_image","twitter_misc":{"Szacowany czas czytania":"1 minuta"},"schema":{"@context":"https:\/\/schema.org","@graph":[{"@type":"WebPage","@id":"https:\/\/splubsza.pl\/c\/reaktywacja-strony\/","url":"https:\/\/splubsza.pl\/c\/reaktywacja-strony\/","name":"Reaktywacja strony - CREATIVE LIFELONG LEARNING FOR HEALTHY LIVING IN EUROPE","isPartOf":{"@id":"https:\/\/splubsza.pl\/c\/#website"},"datePublished":"2020-01-01T22:21:51+00:00","breadcrumb":{"@id":"https:\/\/splubsza.pl\/c\/reaktywacja-strony\/#breadcrumb"},"inLanguage":"pl-PL","potentialAction":[{"@type":"ReadAction","target":["https:\/\/splubsza.pl\/c\/reaktywacja-strony\/"]}]},{"@type":"BreadcrumbList","@id":"https:\/\/splubsza.pl\/c\/reaktywacja-strony\/#breadcrumb","itemListElement":[{"@type":"ListItem","position":1,"name":"Strona g\u0142\u00f3wna","item":"https:\/\/splubsza.pl\/c\/"},{"@type":"ListItem","position":2,"name":"Reaktywacja strony"}]},{"@type":"WebSite","@id":"https:\/\/splubsza.pl\/c\/#website","url":"https:\/\/splubsza.pl\/c\/","name":"CREATIVE LIFELONG LEARNING FOR HEALTHY LIVING IN EUROPE","description":"Comenius project 2008 -2010 | SP Lubsza and our partners","publisher":{"@id":"https:\/\/splubsza.pl\/c\/#organization"},"potentialAction":[{"@type":"SearchAction","target":{"@type":"EntryPoint","urlTemplate":"https:\/\/splubsza.pl\/c\/?s={search_term_string}"},"query-input":{"@type":"PropertyValueSpecification","valueRequired":true,"valueName":"search_term_string"}}],"inLanguage":"pl-PL"},{"@type":"Organization","@id":"https:\/\/splubsza.pl\/c\/#organization","name":"Szko\u0142a Podstawowa im. J\u00f3zefa Lompy w Lubszy","url":"https:\/\/splubsza.pl\/c\/","logo":{"@type":"ImageObject","inLanguage":"pl-PL","@id":"https:\/\/splubsza.pl\/c\/#\/schema\/logo\/image\/","url":"https:\/\/splubsza.pl\/c\/wp-content\/uploads\/2019\/12\/logosplubsza211x145.jpg","contentUrl":"https:\/\/splubsza.pl\/c\/wp-content\/uploads\/2019\/12\/logosplubsza211x145.jpg","width":211,"height":145,"caption":"Szko\u0142a Podstawowa im. J\u00f3zefa Lompy w Lubszy"},"image":{"@id":"https:\/\/splubsza.pl\/c\/#\/schema\/logo\/image\/"}}]}},"_links":{"self":[{"href":"https:\/\/splubsza.pl\/c\/wp-json\/wp\/v2\/pages\/625","targetHints":{"allow":["GET"]}}],"collection":[{"href":"https:\/\/splubsza.pl\/c\/wp-json\/wp\/v2\/pages"}],"about":[{"href":"https:\/\/splubsza.pl\/c\/wp-json\/wp\/v2\/types\/page"}],"author":[{"embeddable":true,"href":"https:\/\/splubsza.pl\/c\/wp-json\/wp\/v2\/users\/1"}],"replies":[{"embeddable":true,"href":"https:\/\/splubsza.pl\/c\/wp-json\/wp\/v2\/comments?post=625"}],"version-history":[{"count":0,"href":"https:\/\/splubsza.pl\/c\/wp-json\/wp\/v2\/pages\/625\/revisions"}],"wp:attachment":[{"href":"https:\/\/splubsza.pl\/c\/wp-json\/wp\/v2\/media?parent=625"}],"curies":[{"name":"wp","href":"https:\/\/api.w.org\/{rel}","templated":true}]}}